{"id":1510,"date":"2023-05-15T09:47:30","date_gmt":"2023-05-15T06:47:30","guid":{"rendered":"https:\/\/onbirelli.com\/neden-biz\/"},"modified":"2023-08-26T18:06:47","modified_gmt":"2023-08-26T15:06:47","slug":"why-choose-us","status":"publish","type":"page","link":"https:\/\/onbirelli.com\/en\/why-choose-us\/","title":{"rendered":"Why Choose Us?"},"content":{"rendered":"\t\t<div data-elementor-type=\"wp-page\" data-elementor-id=\"1510\" class=\"elementor elementor-1510\">\n\t\t\t\t\t\t\t<div class=\"elementor-element elementor-element-cc3337a e-flex e-con-boxed e-con\" data-id=\"cc3337a\" data-element_type=\"container\" data-settings=\"{&quot;content_width&quot;:&quot;boxed&quot;}\">\n\t\t\t\t\t<div class=\"e-con-inner\">\n\t\t<div class=\"elementor-element elementor-element-aed4d8d e-con-full e-flex e-con\" data-id=\"aed4d8d\" data-element_type=\"container\" data-settings=\"{&quot;content_width&quot;:&quot;full&quot;}\">\n\t\t\t\t<div class=\"elementor-element elementor-element-c00f900 elementor-widget elementor-widget-image\" data-id=\"c00f900\" data-element_type=\"widget\" data-widget_type=\"image.default\">\n\t\t\t\t<div class=\"elementor-widget-container\">\n\t\t\t<style>\/*! elementor - v3.15.0 - 20-08-2023 *\/\n.elementor-widget-image{text-align:center}.elementor-widget-image a{display:inline-block}.elementor-widget-image a img[src$=\".svg\"]{width:48px}.elementor-widget-image img{vertical-align:middle;display:inline-block}<\/style>\t\t\t\t\t\t\t\t\t\t\t\t<img loading=\"lazy\" decoding=\"async\" width=\"431\" height=\"431\" src=\"https:\/\/onbirelli.com\/wp-content\/uploads\/2023\/05\/86_Digital_Course-Discover.jpeg\" class=\"attachment-large size-large wp-image-507\" alt=\"\" srcset=\"https:\/\/onbirelli.com\/wp-content\/uploads\/2023\/05\/86_Digital_Course-Discover.jpeg 431w, https:\/\/onbirelli.com\/wp-content\/uploads\/2023\/05\/86_Digital_Course-Discover-300x300.jpeg 300w, https:\/\/onbirelli.com\/wp-content\/uploads\/2023\/05\/86_Digital_Course-Discover-150x150.jpeg 150w, https:\/\/onbirelli.com\/wp-content\/uploads\/2023\/05\/86_Digital_Course-Discover-100x100.jpeg 100w, https:\/\/onbirelli.com\/wp-content\/uploads\/2023\/05\/86_Digital_Course-Discover-80x80.jpeg 80w, https:\/\/onbirelli.com\/wp-content\/uploads\/2023\/05\/86_Digital_Course-Discover-394x394.jpeg 394w, https:\/\/onbirelli.com\/wp-content\/uploads\/2023\/05\/86_Digital_Course-Discover-303x303.jpeg 303w\" sizes=\"auto, (max-width: 431px) 100vw, 431px\" \/>\t\t\t\t\t\t\t\t\t\t\t\t\t\t\t<\/div>\n\t\t\t\t<\/div>\n\t\t\t\t<\/div>\n\t\t<div class=\"elementor-element elementor-element-acf41f9 e-con-full e-flex e-con\" data-id=\"acf41f9\" data-element_type=\"container\" data-settings=\"{&quot;content_width&quot;:&quot;full&quot;}\">\n\t\t\t\t<div class=\"elementor-element elementor-element-726f38b elementor-widget elementor-widget-heading\" data-id=\"726f38b\" data-element_type=\"widget\" data-widget_type=\"heading.default\">\n\t\t\t\t<div class=\"elementor-widget-container\">\n\t\t\t<style>\/*! elementor - v3.15.0 - 20-08-2023 *\/\n.elementor-heading-title{padding:0;margin:0;line-height:1}.elementor-widget-heading .elementor-heading-title[class*=elementor-size-]>a{color:inherit;font-size:inherit;line-height:inherit}.elementor-widget-heading .elementor-heading-title.elementor-size-small{font-size:15px}.elementor-widget-heading .elementor-heading-title.elementor-size-medium{font-size:19px}.elementor-widget-heading .elementor-heading-title.elementor-size-large{font-size:29px}.elementor-widget-heading .elementor-heading-title.elementor-size-xl{font-size:39px}.elementor-widget-heading .elementor-heading-title.elementor-size-xxl{font-size:59px}<\/style><h2 class=\"elementor-heading-title elementor-size-default\">Established in 2010, Onbirelli maintains its leading position in the industry by providing customized software solutions tailored to companies' needs. <\/h2>\t\t<\/div>\n\t\t\t\t<\/div>\n\t\t\t\t<div class=\"elementor-element elementor-element-19512a1 elementor-widget elementor-widget-progress\" data-id=\"19512a1\" data-element_type=\"widget\" data-widget_type=\"progress.default\">\n\t\t\t\t<div class=\"elementor-widget-container\">\n\t\t\t<style>\/*! elementor - v3.15.0 - 20-08-2023 *\/\n.elementor-widget-progress{text-align:left}.elementor-progress-wrapper{position:relative;background-color:#eee;color:#fff;height:100%;border-radius:2px}.elementor-progress-bar{display:flex;background-color:#69727d;width:0;font-size:11px;height:30px;line-height:30px;border-radius:2px;transition:width 1s ease-in-out}.elementor-progress-text{flex-grow:1;white-space:nowrap;text-overflow:ellipsis;overflow:hidden;padding-left:15px}.elementor-progress-percentage{padding-right:15px}.elementor-widget-progress .elementor-progress-wrapper.progress-info .elementor-progress-bar{background-color:#5bc0de}.elementor-widget-progress .elementor-progress-wrapper.progress-success .elementor-progress-bar{background-color:#5cb85c}.elementor-widget-progress .elementor-progress-wrapper.progress-warning .elementor-progress-bar{background-color:#f0ad4e}.elementor-widget-progress .elementor-progress-wrapper.progress-danger .elementor-progress-bar{background-color:#d9534f}.elementor-progress .elementor-title{display:block}@media (max-width:767px){.elementor-progress-text{padding-left:10px}}.e-con-inner .elementor-progress-wrapper,.e-con .elementor-progress-wrapper{height:auto}<\/style>\n\t\t<div class=\"elementor-progress-wrapper progress-danger\" role=\"progressbar\" aria-valuemin=\"0\" aria-valuemax=\"100\" aria-valuenow=\"100\" aria-valuetext=\"100% (Expert Experience)\">\n\t\t\t<div class=\"elementor-progress-bar\" data-max=\"100\">\n\t\t\t\t<span class=\"elementor-progress-text\">Expert Experience<\/span>\n\t\t\t\t\t\t\t<\/div>\n\t\t<\/div>\n\t\t\t\t<\/div>\n\t\t\t\t<\/div>\n\t\t\t\t<div class=\"elementor-element elementor-element-7a1e751 elementor-widget elementor-widget-progress\" data-id=\"7a1e751\" data-element_type=\"widget\" data-widget_type=\"progress.default\">\n\t\t\t\t<div class=\"elementor-widget-container\">\n\t\t\t\n\t\t<div class=\"elementor-progress-wrapper progress-danger\" role=\"progressbar\" aria-valuemin=\"0\" aria-valuemax=\"100\" aria-valuenow=\"100\" aria-valuetext=\"100% (Quality standards)\">\n\t\t\t<div class=\"elementor-progress-bar\" data-max=\"100\">\n\t\t\t\t<span class=\"elementor-progress-text\">Quality standards<\/span>\n\t\t\t\t\t\t\t<\/div>\n\t\t<\/div>\n\t\t\t\t<\/div>\n\t\t\t\t<\/div>\n\t\t\t\t<div class=\"elementor-element elementor-element-07cf7fd elementor-widget elementor-widget-progress\" data-id=\"07cf7fd\" data-element_type=\"widget\" data-widget_type=\"progress.default\">\n\t\t\t\t<div class=\"elementor-widget-container\">\n\t\t\t\n\t\t<div class=\"elementor-progress-wrapper progress-danger\" role=\"progressbar\" aria-valuemin=\"0\" aria-valuemax=\"100\" aria-valuenow=\"100\" aria-valuetext=\"100% (New technologies)\">\n\t\t\t<div class=\"elementor-progress-bar\" data-max=\"100\">\n\t\t\t\t<span class=\"elementor-progress-text\">New technologies<\/span>\n\t\t\t\t\t\t\t<\/div>\n\t\t<\/div>\n\t\t\t\t<\/div>\n\t\t\t\t<\/div>\n\t\t\t\t<\/div>\n\t\t\t\t\t<\/div>\n\t\t\t\t<\/div>\n\t\t<div class=\"elementor-element elementor-element-f0f8620 e-flex e-con-boxed e-con\" data-id=\"f0f8620\" data-element_type=\"container\" data-settings=\"{&quot;content_width&quot;:&quot;boxed&quot;}\">\n\t\t\t\t\t<div class=\"e-con-inner\">\n\t\t<div class=\"elementor-element elementor-element-98af338 e-con-full e-flex e-con\" data-id=\"98af338\" data-element_type=\"container\" data-settings=\"{&quot;content_width&quot;:&quot;full&quot;}\">\n\t\t\t\t<div class=\"elementor-element elementor-element-1f42d67 elementor-widget elementor-widget-heading\" data-id=\"1f42d67\" data-element_type=\"widget\" data-widget_type=\"heading.default\">\n\t\t\t\t<div class=\"elementor-widget-container\">\n\t\t\t<h2 class=\"elementor-heading-title elementor-size-default\">Here are some important reasons to choose Onbirelli:<\/h2>\t\t<\/div>\n\t\t\t\t<\/div>\n\t\t\t\t<div class=\"elementor-element elementor-element-2413cb2 elementor-widget elementor-widget-text-editor\" data-id=\"2413cb2\" data-element_type=\"widget\" data-widget_type=\"text-editor.default\">\n\t\t\t\t<div class=\"elementor-widget-container\">\n\t\t\t<style>\/*! elementor - v3.15.0 - 20-08-2023 *\/\n.elementor-widget-text-editor.elementor-drop-cap-view-stacked .elementor-drop-cap{background-color:#69727d;color:#fff}.elementor-widget-text-editor.elementor-drop-cap-view-framed .elementor-drop-cap{color:#69727d;border:3px solid;background-color:transparent}.elementor-widget-text-editor:not(.elementor-drop-cap-view-default) .elementor-drop-cap{margin-top:8px}.elementor-widget-text-editor:not(.elementor-drop-cap-view-default) .elementor-drop-cap-letter{width:1em;height:1em}.elementor-widget-text-editor .elementor-drop-cap{float:left;text-align:center;line-height:1;font-size:50px}.elementor-widget-text-editor .elementor-drop-cap-letter{display:inline-block}<\/style>\t\t\t\t<p>Expert and Experienced Engineering Team: Onbirelli offers custom software projects and software service\/support services to its customers with its team of expert and experienced engineers. As a result, it successfully provides the customized and effective solutions businesses need.<\/p><p>Continuously Improving Software Quality: Onbirelli operates with the understanding of continuously improving its software quality. By prioritizing customer satisfaction, it aims to provide the most suitable and highest quality solutions for their needs.<\/p><p>Innovative Approach and New Technologies: Onbirelli has proven its success in the industry with its innovative approach and ability to implement new technologies. Focusing on making business processes more efficient and sustainable, it provides services in artificial intelligence, data analytics, automation, and other areas.<\/p><p>Successful Project History: Onbirelli has completed many successful projects to date. With projects carried out both locally and globally, it has gained the trust of its customers and reinforced its leading position in the industry.<\/p><p>Customer-Centricity: Onbirelli adopts a customer-centric approach in every project, taking into account the needs and expectations of businesses. In this way, it contributes to businesses achieving their goals and growing.<\/p>\t\t\t\t\t\t<\/div>\n\t\t\t\t<\/div>\n\t\t\t\t<\/div>\n\t\t<div class=\"elementor-element elementor-element-697b880 e-con-full e-flex e-con\" data-id=\"697b880\" data-element_type=\"container\" data-settings=\"{&quot;content_width&quot;:&quot;full&quot;}\">\n\t\t\t\t<div class=\"elementor-element elementor-element-36b2f61 elementor-widget elementor-widget-image\" data-id=\"36b2f61\" data-element_type=\"widget\" data-widget_type=\"image.default\">\n\t\t\t\t<div class=\"elementor-widget-container\">\n\t\t\t\t\t\t\t\t\t\t\t\t\t\t\t<img loading=\"lazy\" decoding=\"async\" width=\"683\" height=\"1024\" src=\"https:\/\/onbirelli.com\/wp-content\/uploads\/2023\/05\/neden-biz-683x1024.jpg\" class=\"attachment-large size-large wp-image-913\" alt=\"\" srcset=\"https:\/\/onbirelli.com\/wp-content\/uploads\/2023\/05\/neden-biz-683x1024.jpg 683w, https:\/\/onbirelli.com\/wp-content\/uploads\/2023\/05\/neden-biz-200x300.jpg 200w, https:\/\/onbirelli.com\/wp-content\/uploads\/2023\/05\/neden-biz-768x1152.jpg 768w, https:\/\/onbirelli.com\/wp-content\/uploads\/2023\/05\/neden-biz-21x31.jpg 21w, https:\/\/onbirelli.com\/wp-content\/uploads\/2023\/05\/neden-biz-53x80.jpg 53w, https:\/\/onbirelli.com\/wp-content\/uploads\/2023\/05\/neden-biz-202x303.jpg 202w, https:\/\/onbirelli.com\/wp-content\/uploads\/2023\/05\/neden-biz-467x700.jpg 467w, https:\/\/onbirelli.com\/wp-content\/uploads\/2023\/05\/neden-biz-633x950.jpg 633w, https:\/\/onbirelli.com\/wp-content\/uploads\/2023\/05\/neden-biz-720x1080.jpg 720w, https:\/\/onbirelli.com\/wp-content\/uploads\/2023\/05\/neden-biz.jpg 1000w\" sizes=\"auto, (max-width: 683px) 100vw, 683px\" \/>\t\t\t\t\t\t\t\t\t\t\t\t\t\t\t<\/div>\n\t\t\t\t<\/div>\n\t\t\t\t<\/div>\n\t\t\t\t\t<\/div>\n\t\t\t\t<\/div>\n\t\t<div class=\"elementor-element elementor-element-3034cc4 e-flex e-con-boxed e-con\" data-id=\"3034cc4\" data-element_type=\"container\" data-settings=\"{&quot;content_width&quot;:&quot;boxed&quot;}\">\n\t\t\t\t\t<div class=\"e-con-inner\">\n\t\t<div class=\"elementor-element elementor-element-c87e28d e-con-full e-flex e-con\" data-id=\"c87e28d\" data-element_type=\"container\" data-settings=\"{&quot;content_width&quot;:&quot;full&quot;}\">\n\t\t\t\t<div class=\"elementor-element elementor-element-7277171 elementor-widget elementor-widget-heading\" data-id=\"7277171\" data-element_type=\"widget\" data-widget_type=\"heading.default\">\n\t\t\t\t<div class=\"elementor-widget-container\">\n\t\t\t<h2 class=\"elementor-heading-title elementor-size-default\">Sectoral Expertise:<\/h2>\t\t<\/div>\n\t\t\t\t<\/div>\n\t\t\t\t<div class=\"elementor-element elementor-element-efb8d71 elementor-widget elementor-widget-text-editor\" data-id=\"efb8d71\" data-element_type=\"widget\" data-widget_type=\"text-editor.default\">\n\t\t\t\t<div class=\"elementor-widget-container\">\n\t\t\t\t\t\t\t<p>Thanks to its extensive knowledge and experience in the industry, Onbirelli provides strong technical infrastructure and easy-to-use solutions in all the projects it undertakes.<\/p><p>In this context, the successful projects and collaborations carried out by the company with its business partners from various sectors enable Onbirelli to better understand sectoral insights and customer needs.<\/p><p>Furthermore, by closely following current developments and technological innovations in the industry, it maintains its commitment to offering the most suitable and effective solutions.<\/p><p>As a result, Onbirelli continues to strengthen its leadership in the industry by providing customized software solutions that add value to its customers, make business processes more efficient, and meet sectoral requirements.<\/p>\t\t\t\t\t\t<\/div>\n\t\t\t\t<\/div>\n\t\t\t\t<\/div>\n\t\t<div class=\"elementor-element elementor-element-b4ca6e9 e-con-full e-flex e-con\" data-id=\"b4ca6e9\" data-element_type=\"container\" data-settings=\"{&quot;content_width&quot;:&quot;full&quot;}\">\n\t\t\t\t<div class=\"elementor-element elementor-element-a4c07fc elementor-widget elementor-widget-heading\" data-id=\"a4c07fc\" data-element_type=\"widget\" data-widget_type=\"heading.default\">\n\t\t\t\t<div class=\"elementor-widget-container\">\n\t\t\t<h3 class=\"elementor-heading-title elementor-size-default\">Experienced Engineering Team:<\/h3>\t\t<\/div>\n\t\t\t\t<\/div>\n\t\t\t\t<div class=\"elementor-element elementor-element-cbffb51 elementor-widget elementor-widget-text-editor\" data-id=\"cbffb51\" data-element_type=\"widget\" data-widget_type=\"text-editor.default\">\n\t\t\t\t<div class=\"elementor-widget-container\">\n\t\t\t\t\t\t\t<p>Onbirelli provides services to companies in various projects and technology solutions through its expert and experienced software team.<\/p><p>This professional team closely follows current developments and technological innovations in the industry, aiming to offer the most suitable and effective solutions to customers.<\/p><p>Moreover, the expertise and experience of team members in different fields bring a multifaceted approach to projects, helping businesses overcome challenges more quickly and effectively.<\/p><p>Onbirelli&#8217;s experienced engineering team continuously improves itself and strengthens its sectoral knowledge base, providing solutions aimed at meeting the expectations of its business partners and customers, thereby maintaining its strong position in the industry.<\/p>\t\t\t\t\t\t<\/div>\n\t\t\t\t<\/div>\n\t\t\t\t<\/div>\n\t\t<div class=\"elementor-element elementor-element-4ffd706 e-con-full e-flex e-con\" data-id=\"4ffd706\" data-element_type=\"container\" data-settings=\"{&quot;content_width&quot;:&quot;full&quot;}\">\n\t\t\t\t<div class=\"elementor-element elementor-element-96453d8 elementor-widget elementor-widget-image\" data-id=\"96453d8\" data-element_type=\"widget\" data-widget_type=\"image.default\">\n\t\t\t\t<div class=\"elementor-widget-container\">\n\t\t\t\t\t\t\t\t\t\t\t\t\t\t\t<img loading=\"lazy\" decoding=\"async\" width=\"768\" height=\"195\" src=\"https:\/\/onbirelli.com\/wp-content\/uploads\/2023\/05\/kurum-alt-banner-768x195.jpg\" class=\"attachment-medium_large size-medium_large wp-image-1121\" alt=\"\" srcset=\"https:\/\/onbirelli.com\/wp-content\/uploads\/2023\/05\/kurum-alt-banner-768x195.jpg 768w, https:\/\/onbirelli.com\/wp-content\/uploads\/2023\/05\/kurum-alt-banner-300x76.jpg 300w, https:\/\/onbirelli.com\/wp-content\/uploads\/2023\/05\/kurum-alt-banner-1024x260.jpg 1024w, https:\/\/onbirelli.com\/wp-content\/uploads\/2023\/05\/kurum-alt-banner-1536x390.jpg 1536w, https:\/\/onbirelli.com\/wp-content\/uploads\/2023\/05\/kurum-alt-banner-122x31.jpg 122w, https:\/\/onbirelli.com\/wp-content\/uploads\/2023\/05\/kurum-alt-banner-315x80.jpg 315w, https:\/\/onbirelli.com\/wp-content\/uploads\/2023\/05\/kurum-alt-banner-394x100.jpg 394w, https:\/\/onbirelli.com\/wp-content\/uploads\/2023\/05\/kurum-alt-banner-915x233.jpg 915w, https:\/\/onbirelli.com\/wp-content\/uploads\/2023\/05\/kurum-alt-banner-1240x315.jpg 1240w, https:\/\/onbirelli.com\/wp-content\/uploads\/2023\/05\/kurum-alt-banner.jpg 1680w\" sizes=\"auto, (max-width: 768px) 100vw, 768px\" \/>\t\t\t\t\t\t\t\t\t\t\t\t\t\t\t<\/div>\n\t\t\t\t<\/div>\n\t\t\t\t<\/div>\n\t\t\t\t\t<\/div>\n\t\t\t\t<\/div>\n\t\t\t\t\t\t\t<\/div>\n\t\t","protected":false},"excerpt":{"rendered":"<p>Established in 2010, Onbirelli maintains its leading position in the industry by providing customized software solutions tailored to companies&#8217; needs. Expert Experience Quality standards New technologies Here are some important reasons to choose Onbirelli: Expert and Experienced Engineering Team: Onbirelli &hellip; <a href=\"https:\/\/onbirelli.com\/en\/why-choose-us\/\">Read More<\/a><\/p>\n","protected":false},"author":6,"featured_media":0,"parent":0,"menu_order":0,"comment_status":"closed","ping_status":"closed","template":"elementor_theme","meta":{"footnotes":""},"class_list":["post-1510","page","type-page","status-publish","hentry"],"yoast_head":"<!-- This site is optimized with the Yoast SEO Premium plugin v20.11 (Yoast SEO v27.2) - https:\/\/yoast.com\/product\/yoast-seo-premium-wordpress\/ -->\n<title>Onbirelli - Why Choose Us?<\/title>\n<meta name=\"description\" content=\"Onbirelli offers custom software projects and support services to its customers with its team of expert and experienced engineers.\" \/>\n<meta name=\"robots\" content=\"index, follow, max-snippet:-1, max-image-preview:large, max-video-preview:-1\" \/>\n<link rel=\"canonical\" href=\"https:\/\/onbirelli.com\/en\/why-choose-us\/\" \/>\n<meta property=\"og:locale\" content=\"en_US\" \/>\n<meta property=\"og:type\" content=\"article\" \/>\n<meta property=\"og:title\" content=\"Why Choose Us?\" \/>\n<meta property=\"og:description\" content=\"Onbirelli offers custom software projects and support services to its customers with its team of expert and experienced engineers.\" \/>\n<meta property=\"og:url\" content=\"https:\/\/onbirelli.com\/en\/why-choose-us\/\" \/>\n<meta property=\"og:site_name\" content=\"Onbirelli\" \/>\n<meta property=\"article:modified_time\" content=\"2023-08-26T15:06:47+00:00\" \/>\n<meta property=\"og:image\" content=\"https:\/\/onbirelli.com\/wp-content\/uploads\/2023\/05\/86_Digital_Course-Discover.jpeg\" \/>\n<meta name=\"twitter:card\" content=\"summary_large_image\" \/>\n<meta name=\"twitter:label1\" content=\"Est. reading time\" \/>\n\t<meta name=\"twitter:data1\" content=\"4 minutes\" \/>\n<script type=\"application\/ld+json\" class=\"yoast-schema-graph\">{\"@context\":\"https:\/\/schema.org\",\"@graph\":[{\"@type\":\"WebPage\",\"@id\":\"https:\/\/onbirelli.com\/en\/why-choose-us\/\",\"url\":\"https:\/\/onbirelli.com\/en\/why-choose-us\/\",\"name\":\"Onbirelli - Why Choose Us?\",\"isPartOf\":{\"@id\":\"https:\/\/onbirelli.com\/#website\"},\"primaryImageOfPage\":{\"@id\":\"https:\/\/onbirelli.com\/en\/why-choose-us\/#primaryimage\"},\"image\":{\"@id\":\"https:\/\/onbirelli.com\/en\/why-choose-us\/#primaryimage\"},\"thumbnailUrl\":\"https:\/\/onbirelli.com\/wp-content\/uploads\/2023\/05\/86_Digital_Course-Discover.jpeg\",\"datePublished\":\"2023-05-15T06:47:30+00:00\",\"dateModified\":\"2023-08-26T15:06:47+00:00\",\"description\":\"Onbirelli offers custom software projects and support services to its customers with its team of expert and experienced engineers.\",\"breadcrumb\":{\"@id\":\"https:\/\/onbirelli.com\/en\/why-choose-us\/#breadcrumb\"},\"inLanguage\":\"en-US\",\"potentialAction\":[{\"@type\":\"ReadAction\",\"target\":[\"https:\/\/onbirelli.com\/en\/why-choose-us\/\"]}]},{\"@type\":\"ImageObject\",\"inLanguage\":\"en-US\",\"@id\":\"https:\/\/onbirelli.com\/en\/why-choose-us\/#primaryimage\",\"url\":\"https:\/\/onbirelli.com\/wp-content\/uploads\/2023\/05\/86_Digital_Course-Discover.jpeg\",\"contentUrl\":\"https:\/\/onbirelli.com\/wp-content\/uploads\/2023\/05\/86_Digital_Course-Discover.jpeg\"},{\"@type\":\"BreadcrumbList\",\"@id\":\"https:\/\/onbirelli.com\/en\/why-choose-us\/#breadcrumb\",\"itemListElement\":[{\"@type\":\"ListItem\",\"position\":1,\"name\":\"Home\",\"item\":\"https:\/\/onbirelli.com\/\"},{\"@type\":\"ListItem\",\"position\":2,\"name\":\"Why Choose Us?\"}]},{\"@type\":\"WebSite\",\"@id\":\"https:\/\/onbirelli.com\/#website\",\"url\":\"https:\/\/onbirelli.com\/\",\"name\":\"Onbirelli\",\"description\":\"Bili\u015fimde Yenilik\u00e7i \u00c7\u00f6z\u00fcmler\",\"publisher\":{\"@id\":\"https:\/\/onbirelli.com\/#organization\"},\"potentialAction\":[{\"@type\":\"SearchAction\",\"target\":{\"@type\":\"EntryPoint\",\"urlTemplate\":\"https:\/\/onbirelli.com\/?s={search_term_string}\"},\"query-input\":{\"@type\":\"PropertyValueSpecification\",\"valueRequired\":true,\"valueName\":\"search_term_string\"}}],\"inLanguage\":\"en-US\"},{\"@type\":\"Organization\",\"@id\":\"https:\/\/onbirelli.com\/#organization\",\"name\":\"Onbirelli\",\"url\":\"https:\/\/onbirelli.com\/\",\"logo\":{\"@type\":\"ImageObject\",\"inLanguage\":\"en-US\",\"@id\":\"https:\/\/onbirelli.com\/#\/schema\/logo\/image\/\",\"url\":\"https:\/\/onbirelli.com\/wp-content\/uploads\/2025\/05\/cropped-onbirellilogo-t.png\",\"contentUrl\":\"https:\/\/onbirelli.com\/wp-content\/uploads\/2025\/05\/cropped-onbirellilogo-t.png\",\"width\":590,\"height\":90,\"caption\":\"Onbirelli\"},\"image\":{\"@id\":\"https:\/\/onbirelli.com\/#\/schema\/logo\/image\/\"}}]}<\/script>\n<!-- \/ Yoast SEO Premium plugin. -->","yoast_head_json":{"title":"Onbirelli - Why Choose Us?","description":"Onbirelli offers custom software projects and support services to its customers with its team of expert and experienced engineers.","robots":{"index":"index","follow":"follow","max-snippet":"max-snippet:-1","max-image-preview":"max-image-preview:large","max-video-preview":"max-video-preview:-1"},"canonical":"https:\/\/onbirelli.com\/en\/why-choose-us\/","og_locale":"en_US","og_type":"article","og_title":"Why Choose Us?","og_description":"Onbirelli offers custom software projects and support services to its customers with its team of expert and experienced engineers.","og_url":"https:\/\/onbirelli.com\/en\/why-choose-us\/","og_site_name":"Onbirelli","article_modified_time":"2023-08-26T15:06:47+00:00","og_image":[{"url":"https:\/\/onbirelli.com\/wp-content\/uploads\/2023\/05\/86_Digital_Course-Discover.jpeg","type":"","width":"","height":""}],"twitter_card":"summary_large_image","twitter_misc":{"Est. reading time":"4 minutes"},"schema":{"@context":"https:\/\/schema.org","@graph":[{"@type":"WebPage","@id":"https:\/\/onbirelli.com\/en\/why-choose-us\/","url":"https:\/\/onbirelli.com\/en\/why-choose-us\/","name":"Onbirelli - Why Choose Us?","isPartOf":{"@id":"https:\/\/onbirelli.com\/#website"},"primaryImageOfPage":{"@id":"https:\/\/onbirelli.com\/en\/why-choose-us\/#primaryimage"},"image":{"@id":"https:\/\/onbirelli.com\/en\/why-choose-us\/#primaryimage"},"thumbnailUrl":"https:\/\/onbirelli.com\/wp-content\/uploads\/2023\/05\/86_Digital_Course-Discover.jpeg","datePublished":"2023-05-15T06:47:30+00:00","dateModified":"2023-08-26T15:06:47+00:00","description":"Onbirelli offers custom software projects and support services to its customers with its team of expert and experienced engineers.","breadcrumb":{"@id":"https:\/\/onbirelli.com\/en\/why-choose-us\/#breadcrumb"},"inLanguage":"en-US","potentialAction":[{"@type":"ReadAction","target":["https:\/\/onbirelli.com\/en\/why-choose-us\/"]}]},{"@type":"ImageObject","inLanguage":"en-US","@id":"https:\/\/onbirelli.com\/en\/why-choose-us\/#primaryimage","url":"https:\/\/onbirelli.com\/wp-content\/uploads\/2023\/05\/86_Digital_Course-Discover.jpeg","contentUrl":"https:\/\/onbirelli.com\/wp-content\/uploads\/2023\/05\/86_Digital_Course-Discover.jpeg"},{"@type":"BreadcrumbList","@id":"https:\/\/onbirelli.com\/en\/why-choose-us\/#breadcrumb","itemListElement":[{"@type":"ListItem","position":1,"name":"Home","item":"https:\/\/onbirelli.com\/"},{"@type":"ListItem","position":2,"name":"Why Choose Us?"}]},{"@type":"WebSite","@id":"https:\/\/onbirelli.com\/#website","url":"https:\/\/onbirelli.com\/","name":"Onbirelli","description":"Bili\u015fimde Yenilik\u00e7i \u00c7\u00f6z\u00fcmler","publisher":{"@id":"https:\/\/onbirelli.com\/#organization"},"potentialAction":[{"@type":"SearchAction","target":{"@type":"EntryPoint","urlTemplate":"https:\/\/onbirelli.com\/?s={search_term_string}"},"query-input":{"@type":"PropertyValueSpecification","valueRequired":true,"valueName":"search_term_string"}}],"inLanguage":"en-US"},{"@type":"Organization","@id":"https:\/\/onbirelli.com\/#organization","name":"Onbirelli","url":"https:\/\/onbirelli.com\/","logo":{"@type":"ImageObject","inLanguage":"en-US","@id":"https:\/\/onbirelli.com\/#\/schema\/logo\/image\/","url":"https:\/\/onbirelli.com\/wp-content\/uploads\/2025\/05\/cropped-onbirellilogo-t.png","contentUrl":"https:\/\/onbirelli.com\/wp-content\/uploads\/2025\/05\/cropped-onbirellilogo-t.png","width":590,"height":90,"caption":"Onbirelli"},"image":{"@id":"https:\/\/onbirelli.com\/#\/schema\/logo\/image\/"}}]}},"_links":{"self":[{"href":"https:\/\/onbirelli.com\/en\/wp-json\/wp\/v2\/pages\/1510","targetHints":{"allow":["GET"]}}],"collection":[{"href":"https:\/\/onbirelli.com\/en\/wp-json\/wp\/v2\/pages"}],"about":[{"href":"https:\/\/onbirelli.com\/en\/wp-json\/wp\/v2\/types\/page"}],"author":[{"embeddable":true,"href":"https:\/\/onbirelli.com\/en\/wp-json\/wp\/v2\/users\/6"}],"replies":[{"embeddable":true,"href":"https:\/\/onbirelli.com\/en\/wp-json\/wp\/v2\/comments?post=1510"}],"version-history":[{"count":12,"href":"https:\/\/onbirelli.com\/en\/wp-json\/wp\/v2\/pages\/1510\/revisions"}],"predecessor-version":[{"id":1759,"href":"https:\/\/onbirelli.com\/en\/wp-json\/wp\/v2\/pages\/1510\/revisions\/1759"}],"wp:attachment":[{"href":"https:\/\/onbirelli.com\/en\/wp-json\/wp\/v2\/media?parent=1510"}],"curies":[{"name":"wp","href":"https:\/\/api.w.org\/{rel}","templated":true}]}}