{"id":1522,"date":"2023-05-17T09:55:39","date_gmt":"2023-05-17T06:55:39","guid":{"rendered":"https:\/\/onbirelli.com\/vizyon-ve-misyon\/"},"modified":"2023-08-26T18:07:02","modified_gmt":"2023-08-26T15:07:02","slug":"vision-and-mission","status":"publish","type":"page","link":"https:\/\/onbirelli.com\/en\/vision-and-mission\/","title":{"rendered":"Vision and Mission"},"content":{"rendered":"\t\t<div data-elementor-type=\"wp-page\" data-elementor-id=\"1522\" class=\"elementor elementor-1522\">\n\t\t\t\t\t\t\t<div class=\"elementor-element elementor-element-f68c2fe e-flex e-con-boxed e-con\" data-id=\"f68c2fe\" data-element_type=\"container\" data-settings=\"{&quot;content_width&quot;:&quot;boxed&quot;}\">\n\t\t\t\t\t<div class=\"e-con-inner\">\n\t\t<div class=\"elementor-element elementor-element-458fcf2 e-con-full e-flex e-con\" data-id=\"458fcf2\" data-element_type=\"container\" data-settings=\"{&quot;content_width&quot;:&quot;full&quot;}\">\n\t\t\t\t<div class=\"elementor-element elementor-element-0f21357 elementor-widget elementor-widget-heading\" data-id=\"0f21357\" data-element_type=\"widget\" data-widget_type=\"heading.default\">\n\t\t\t\t<div class=\"elementor-widget-container\">\n\t\t\t<style>\/*! elementor - v3.15.0 - 20-08-2023 *\/\n.elementor-heading-title{padding:0;margin:0;line-height:1}.elementor-widget-heading .elementor-heading-title[class*=elementor-size-]>a{color:inherit;font-size:inherit;line-height:inherit}.elementor-widget-heading .elementor-heading-title.elementor-size-small{font-size:15px}.elementor-widget-heading .elementor-heading-title.elementor-size-medium{font-size:19px}.elementor-widget-heading .elementor-heading-title.elementor-size-large{font-size:29px}.elementor-widget-heading .elementor-heading-title.elementor-size-xl{font-size:39px}.elementor-widget-heading .elementor-heading-title.elementor-size-xxl{font-size:59px}<\/style><h2 class=\"elementor-heading-title elementor-size-default\">Vision<\/h2>\t\t<\/div>\n\t\t\t\t<\/div>\n\t\t\t\t<\/div>\n\t\t<div class=\"elementor-element elementor-element-c977aef e-con-full e-flex e-con\" data-id=\"c977aef\" data-element_type=\"container\" data-settings=\"{&quot;content_width&quot;:&quot;full&quot;}\">\n\t\t\t\t<div class=\"elementor-element elementor-element-7fc64e9 elementor-widget elementor-widget-text-editor\" data-id=\"7fc64e9\" data-element_type=\"widget\" data-widget_type=\"text-editor.default\">\n\t\t\t\t<div class=\"elementor-widget-container\">\n\t\t\t<style>\/*! elementor - v3.15.0 - 20-08-2023 *\/\n.elementor-widget-text-editor.elementor-drop-cap-view-stacked .elementor-drop-cap{background-color:#69727d;color:#fff}.elementor-widget-text-editor.elementor-drop-cap-view-framed .elementor-drop-cap{color:#69727d;border:3px solid;background-color:transparent}.elementor-widget-text-editor:not(.elementor-drop-cap-view-default) .elementor-drop-cap{margin-top:8px}.elementor-widget-text-editor:not(.elementor-drop-cap-view-default) .elementor-drop-cap-letter{width:1em;height:1em}.elementor-widget-text-editor .elementor-drop-cap{float:left;text-align:center;line-height:1;font-size:50px}.elementor-widget-text-editor .elementor-drop-cap-letter{display:inline-block}<\/style>\t\t\t\t<p>Onbirelli&#8217;s vision is to be among the best and most innovative information technology companies worldwide, operating with a spirit of collaboration. In line with this vision, the company aims to undertake successful projects on both local and global scales and provide the highest quality services to its customers.<\/p>\t\t\t\t\t\t<\/div>\n\t\t\t\t<\/div>\n\t\t\t\t<\/div>\n\t\t\t\t\t<\/div>\n\t\t\t\t<\/div>\n\t\t<div class=\"elementor-element elementor-element-3188f7a e-flex e-con-boxed e-con\" data-id=\"3188f7a\" data-element_type=\"container\" data-settings=\"{&quot;content_width&quot;:&quot;boxed&quot;}\">\n\t\t\t\t\t<div class=\"e-con-inner\">\n\t\t<div class=\"elementor-element elementor-element-4055c2a e-con-full e-flex e-con\" data-id=\"4055c2a\" data-element_type=\"container\" data-settings=\"{&quot;content_width&quot;:&quot;full&quot;}\">\n\t\t\t\t<div class=\"elementor-element elementor-element-cd9be42 elementor-widget elementor-widget-text-editor\" data-id=\"cd9be42\" data-element_type=\"widget\" data-widget_type=\"text-editor.default\">\n\t\t\t\t<div class=\"elementor-widget-container\">\n\t\t\t\t\t\t\t<p>Onbirelli works to make business processes more efficient and sustainable by closely following technological developments and adopting an open approach to continuous innovations. Embracing a spirit of collaboration, it aims for ongoing value creation for its stakeholders by building strong and long-term relationships with its business partners and customers.<\/p>\t\t\t\t\t\t<\/div>\n\t\t\t\t<\/div>\n\t\t\t\t<\/div>\n\t\t<div class=\"elementor-element elementor-element-524d3c4 e-con-full e-flex e-con\" data-id=\"524d3c4\" data-element_type=\"container\" data-settings=\"{&quot;content_width&quot;:&quot;full&quot;}\">\n\t\t\t\t<div class=\"elementor-element elementor-element-0847604 elementor-widget elementor-widget-text-editor\" data-id=\"0847604\" data-element_type=\"widget\" data-widget_type=\"text-editor.default\">\n\t\t\t\t<div class=\"elementor-widget-container\">\n\t\t\t\t\t\t\t<p>To realize its vision, Onbirelli&#8217;s priorities include continuous education and development of team members, creating a culture of effective communication and collaboration within the company, and adopting a service approach focused on customer satisfaction.<\/p>\t\t\t\t\t\t<\/div>\n\t\t\t\t<\/div>\n\t\t\t\t<\/div>\n\t\t<div class=\"elementor-element elementor-element-db6f739 e-con-full e-flex e-con\" data-id=\"db6f739\" data-element_type=\"container\" data-settings=\"{&quot;content_width&quot;:&quot;full&quot;}\">\n\t\t\t\t<div class=\"elementor-element elementor-element-77a81bc elementor-widget elementor-widget-text-editor\" data-id=\"77a81bc\" data-element_type=\"widget\" data-widget_type=\"text-editor.default\">\n\t\t\t\t<div class=\"elementor-widget-container\">\n\t\t\t\t\t\t\t<p>In conclusion, while Onbirelli aims to be among the leading and innovative companies in the information technology sector worldwide, it is committed to providing the best services to its customers and continues its efforts in this direction.<\/p>\t\t\t\t\t\t<\/div>\n\t\t\t\t<\/div>\n\t\t\t\t<\/div>\n\t\t\t\t\t<\/div>\n\t\t\t\t<\/div>\n\t\t<div class=\"elementor-element elementor-element-42032ee e-flex e-con-boxed e-con\" data-id=\"42032ee\" data-element_type=\"container\" data-settings=\"{&quot;content_width&quot;:&quot;boxed&quot;}\">\n\t\t\t\t\t<div class=\"e-con-inner\">\n\t\t<div class=\"elementor-element elementor-element-75aa8a3 e-con-full e-flex e-con\" data-id=\"75aa8a3\" data-element_type=\"container\" data-settings=\"{&quot;content_width&quot;:&quot;full&quot;}\">\n\t\t\t\t<div class=\"elementor-element elementor-element-9ea5972 elementor-widget elementor-widget-image\" data-id=\"9ea5972\" data-element_type=\"widget\" data-widget_type=\"image.default\">\n\t\t\t\t<div class=\"elementor-widget-container\">\n\t\t\t<style>\/*! elementor - v3.15.0 - 20-08-2023 *\/\n.elementor-widget-image{text-align:center}.elementor-widget-image a{display:inline-block}.elementor-widget-image a img[src$=\".svg\"]{width:48px}.elementor-widget-image img{vertical-align:middle;display:inline-block}<\/style>\t\t\t\t\t\t\t\t\t\t\t\t<img loading=\"lazy\" decoding=\"async\" width=\"1680\" height=\"427\" src=\"https:\/\/onbirelli.com\/wp-content\/uploads\/2023\/05\/misyon.jpg\" class=\"attachment-full size-full wp-image-1108\" alt=\"\" srcset=\"https:\/\/onbirelli.com\/wp-content\/uploads\/2023\/05\/misyon.jpg 1680w, https:\/\/onbirelli.com\/wp-content\/uploads\/2023\/05\/misyon-300x76.jpg 300w, https:\/\/onbirelli.com\/wp-content\/uploads\/2023\/05\/misyon-1024x260.jpg 1024w, https:\/\/onbirelli.com\/wp-content\/uploads\/2023\/05\/misyon-768x195.jpg 768w, https:\/\/onbirelli.com\/wp-content\/uploads\/2023\/05\/misyon-1536x390.jpg 1536w, https:\/\/onbirelli.com\/wp-content\/uploads\/2023\/05\/misyon-122x31.jpg 122w, https:\/\/onbirelli.com\/wp-content\/uploads\/2023\/05\/misyon-315x80.jpg 315w, https:\/\/onbirelli.com\/wp-content\/uploads\/2023\/05\/misyon-394x100.jpg 394w, https:\/\/onbirelli.com\/wp-content\/uploads\/2023\/05\/misyon-915x233.jpg 915w, https:\/\/onbirelli.com\/wp-content\/uploads\/2023\/05\/misyon-1240x315.jpg 1240w\" sizes=\"auto, (max-width: 1680px) 100vw, 1680px\" \/>\t\t\t\t\t\t\t\t\t\t\t\t\t\t\t<\/div>\n\t\t\t\t<\/div>\n\t\t\t\t<\/div>\n\t\t\t\t\t<\/div>\n\t\t\t\t<\/div>\n\t\t<div class=\"elementor-element elementor-element-e3a8ff7 e-flex e-con-boxed e-con\" data-id=\"e3a8ff7\" data-element_type=\"container\" data-settings=\"{&quot;content_width&quot;:&quot;boxed&quot;}\">\n\t\t\t\t\t<div class=\"e-con-inner\">\n\t\t<div class=\"elementor-element elementor-element-08e03b1 e-con-full e-flex e-con\" data-id=\"08e03b1\" data-element_type=\"container\" data-settings=\"{&quot;content_width&quot;:&quot;full&quot;}\">\n\t\t\t\t<div class=\"elementor-element elementor-element-47d2095 elementor-widget elementor-widget-heading\" data-id=\"47d2095\" data-element_type=\"widget\" data-widget_type=\"heading.default\">\n\t\t\t\t<div class=\"elementor-widget-container\">\n\t\t\t<h2 class=\"elementor-heading-title elementor-size-default\">Mission<\/h2>\t\t<\/div>\n\t\t\t\t<\/div>\n\t\t\t\t<\/div>\n\t\t<div class=\"elementor-element elementor-element-0b24868 e-con-full e-flex e-con\" data-id=\"0b24868\" data-element_type=\"container\" data-settings=\"{&quot;content_width&quot;:&quot;full&quot;}\">\n\t\t\t\t<div class=\"elementor-element elementor-element-0cddf88 elementor-widget elementor-widget-text-editor\" data-id=\"0cddf88\" data-element_type=\"widget\" data-widget_type=\"text-editor.default\">\n\t\t\t\t<div class=\"elementor-widget-container\">\n\t\t\t\t\t\t\t<p>The mission of Onbirelli is to be a company that adds value to its stakeholders by providing solution and customer-focused services. In this direction, it aims to make business processes more efficient and sustainable by paying attention to the needs and expectations of its customers. Additionally, it operates with an approach that respects human rights, the natural environment, and legal regulations.<\/p>\t\t\t\t\t\t<\/div>\n\t\t\t\t<\/div>\n\t\t\t\t<\/div>\n\t\t\t\t\t<\/div>\n\t\t\t\t<\/div>\n\t\t<div class=\"elementor-element elementor-element-a9fc80c e-flex e-con-boxed e-con\" data-id=\"a9fc80c\" data-element_type=\"container\" data-settings=\"{&quot;content_width&quot;:&quot;boxed&quot;}\">\n\t\t\t\t\t<div class=\"e-con-inner\">\n\t\t<div class=\"elementor-element elementor-element-295a98e e-con-full e-flex e-con\" data-id=\"295a98e\" data-element_type=\"container\" data-settings=\"{&quot;content_width&quot;:&quot;full&quot;}\">\n\t\t\t\t<div class=\"elementor-element elementor-element-64ebad3 elementor-widget elementor-widget-text-editor\" data-id=\"64ebad3\" data-element_type=\"widget\" data-widget_type=\"text-editor.default\">\n\t\t\t\t<div class=\"elementor-widget-container\">\n\t\t\t\t\t\t\t<p>As Onbirelli strives to reinforce its leadership in the industry through continuous improvement and innovative approaches, it also establishes trust-based relationships with its business partners and customers while adhering to ethical values. The company places importance on social responsibility projects, aiming to create positive impacts on society and the environment.<\/p>\t\t\t\t\t\t<\/div>\n\t\t\t\t<\/div>\n\t\t\t\t<\/div>\n\t\t<div class=\"elementor-element elementor-element-11d97f2 e-con-full e-flex e-con\" data-id=\"11d97f2\" data-element_type=\"container\" data-settings=\"{&quot;content_width&quot;:&quot;full&quot;}\">\n\t\t\t\t<div class=\"elementor-element elementor-element-7908b5d elementor-widget elementor-widget-text-editor\" data-id=\"7908b5d\" data-element_type=\"widget\" data-widget_type=\"text-editor.default\">\n\t\t\t\t<div class=\"elementor-widget-container\">\n\t\t\t\t\t\t\t<p>Thus, Onbirelli aims to maintain and improve its strong position in the industry by prioritizing customer satisfaction and working to achieve sustainable growth goals. In line with this mission, the company adopts principles of respecting people, nature, and laws in the value creation process, aiming to leave a positive mark in the business world.<\/p>\t\t\t\t\t\t<\/div>\n\t\t\t\t<\/div>\n\t\t\t\t<\/div>\n\t\t\t\t\t<\/div>\n\t\t\t\t<\/div>\n\t\t<div class=\"elementor-element elementor-element-e25c134 e-flex e-con-boxed e-con\" data-id=\"e25c134\" data-element_type=\"container\" data-settings=\"{&quot;content_width&quot;:&quot;boxed&quot;}\">\n\t\t\t\t\t<div class=\"e-con-inner\">\n\t\t<div class=\"elementor-element elementor-element-3bb811c e-con-full e-flex e-con\" data-id=\"3bb811c\" data-element_type=\"container\" data-settings=\"{&quot;content_width&quot;:&quot;full&quot;}\">\n\t\t\t\t<div class=\"elementor-element elementor-element-08c3dba elementor-widget elementor-widget-image\" data-id=\"08c3dba\" data-element_type=\"widget\" data-widget_type=\"image.default\">\n\t\t\t\t<div class=\"elementor-widget-container\">\n\t\t\t\t\t\t\t\t\t\t\t\t\t\t\t<img loading=\"lazy\" decoding=\"async\" width=\"1680\" height=\"427\" src=\"https:\/\/onbirelli.com\/wp-content\/uploads\/2023\/05\/vision.jpg\" class=\"attachment-full size-full wp-image-1103\" alt=\"\" srcset=\"https:\/\/onbirelli.com\/wp-content\/uploads\/2023\/05\/vision.jpg 1680w, https:\/\/onbirelli.com\/wp-content\/uploads\/2023\/05\/vision-300x76.jpg 300w, https:\/\/onbirelli.com\/wp-content\/uploads\/2023\/05\/vision-1024x260.jpg 1024w, https:\/\/onbirelli.com\/wp-content\/uploads\/2023\/05\/vision-768x195.jpg 768w, https:\/\/onbirelli.com\/wp-content\/uploads\/2023\/05\/vision-1536x390.jpg 1536w, https:\/\/onbirelli.com\/wp-content\/uploads\/2023\/05\/vision-122x31.jpg 122w, https:\/\/onbirelli.com\/wp-content\/uploads\/2023\/05\/vision-315x80.jpg 315w, https:\/\/onbirelli.com\/wp-content\/uploads\/2023\/05\/vision-394x100.jpg 394w, https:\/\/onbirelli.com\/wp-content\/uploads\/2023\/05\/vision-915x233.jpg 915w, https:\/\/onbirelli.com\/wp-content\/uploads\/2023\/05\/vision-1240x315.jpg 1240w\" sizes=\"auto, (max-width: 1680px) 100vw, 1680px\" \/>\t\t\t\t\t\t\t\t\t\t\t\t\t\t\t<\/div>\n\t\t\t\t<\/div>\n\t\t\t\t<\/div>\n\t\t\t\t\t<\/div>\n\t\t\t\t<\/div>\n\t\t\t\t\t\t\t<\/div>\n\t\t","protected":false},"excerpt":{"rendered":"<p>Vision Onbirelli&#8217;s vision is to be among the best and most innovative information technology companies worldwide, operating with a spirit of collaboration. In line with this vision, the company aims to undertake successful projects on both local and global scales &hellip; <a href=\"https:\/\/onbirelli.com\/en\/vision-and-mission\/\">Read More<\/a><\/p>\n","protected":false},"author":6,"featured_media":0,"parent":0,"menu_order":0,"comment_status":"closed","ping_status":"closed","template":"","meta":{"footnotes":""},"class_list":["post-1522","page","type-page","status-publish","hentry"],"yoast_head":"<!-- This site is optimized with the Yoast SEO Premium plugin v20.11 (Yoast SEO v27.2) - https:\/\/yoast.com\/product\/yoast-seo-premium-wordpress\/ -->\n<title>What is Onbirelli&#039;s vision and mission?<\/title>\n<meta name=\"description\" content=\"Onbirelli works to make its business processes more efficient and sustainable by closely following technological developments.\" \/>\n<meta name=\"robots\" content=\"index, follow, max-snippet:-1, max-image-preview:large, max-video-preview:-1\" \/>\n<link rel=\"canonical\" href=\"https:\/\/onbirelli.com\/en\/vision-and-mission\/\" \/>\n<meta property=\"og:locale\" content=\"en_US\" \/>\n<meta property=\"og:type\" content=\"article\" \/>\n<meta property=\"og:title\" content=\"Vision and Mission\" \/>\n<meta property=\"og:description\" content=\"Onbirelli works to make its business processes more efficient and sustainable by closely following technological developments.\" \/>\n<meta property=\"og:url\" content=\"https:\/\/onbirelli.com\/en\/vision-and-mission\/\" \/>\n<meta property=\"og:site_name\" content=\"Onbirelli\" \/>\n<meta property=\"article:modified_time\" content=\"2023-08-26T15:07:02+00:00\" \/>\n<meta property=\"og:image\" content=\"https:\/\/onbirelli.com\/wp-content\/uploads\/2023\/05\/misyon.jpg\" \/>\n<meta name=\"twitter:card\" content=\"summary_large_image\" \/>\n<meta name=\"twitter:label1\" content=\"Est. reading time\" \/>\n\t<meta name=\"twitter:data1\" content=\"3 minutes\" \/>\n<script type=\"application\/ld+json\" class=\"yoast-schema-graph\">{\"@context\":\"https:\/\/schema.org\",\"@graph\":[{\"@type\":\"WebPage\",\"@id\":\"https:\/\/onbirelli.com\/en\/vision-and-mission\/\",\"url\":\"https:\/\/onbirelli.com\/en\/vision-and-mission\/\",\"name\":\"What is Onbirelli's vision and mission?\",\"isPartOf\":{\"@id\":\"https:\/\/onbirelli.com\/#website\"},\"primaryImageOfPage\":{\"@id\":\"https:\/\/onbirelli.com\/en\/vision-and-mission\/#primaryimage\"},\"image\":{\"@id\":\"https:\/\/onbirelli.com\/en\/vision-and-mission\/#primaryimage\"},\"thumbnailUrl\":\"https:\/\/onbirelli.com\/wp-content\/uploads\/2023\/05\/misyon.jpg\",\"datePublished\":\"2023-05-17T06:55:39+00:00\",\"dateModified\":\"2023-08-26T15:07:02+00:00\",\"description\":\"Onbirelli works to make its business processes more efficient and sustainable by closely following technological developments.\",\"breadcrumb\":{\"@id\":\"https:\/\/onbirelli.com\/en\/vision-and-mission\/#breadcrumb\"},\"inLanguage\":\"en-US\",\"potentialAction\":[{\"@type\":\"ReadAction\",\"target\":[\"https:\/\/onbirelli.com\/en\/vision-and-mission\/\"]}]},{\"@type\":\"ImageObject\",\"inLanguage\":\"en-US\",\"@id\":\"https:\/\/onbirelli.com\/en\/vision-and-mission\/#primaryimage\",\"url\":\"https:\/\/onbirelli.com\/wp-content\/uploads\/2023\/05\/misyon.jpg\",\"contentUrl\":\"https:\/\/onbirelli.com\/wp-content\/uploads\/2023\/05\/misyon.jpg\"},{\"@type\":\"BreadcrumbList\",\"@id\":\"https:\/\/onbirelli.com\/en\/vision-and-mission\/#breadcrumb\",\"itemListElement\":[{\"@type\":\"ListItem\",\"position\":1,\"name\":\"Home\",\"item\":\"https:\/\/onbirelli.com\/\"},{\"@type\":\"ListItem\",\"position\":2,\"name\":\"Vision and Mission\"}]},{\"@type\":\"WebSite\",\"@id\":\"https:\/\/onbirelli.com\/#website\",\"url\":\"https:\/\/onbirelli.com\/\",\"name\":\"Onbirelli\",\"description\":\"Bili\u015fimde Yenilik\u00e7i \u00c7\u00f6z\u00fcmler\",\"publisher\":{\"@id\":\"https:\/\/onbirelli.com\/#organization\"},\"potentialAction\":[{\"@type\":\"SearchAction\",\"target\":{\"@type\":\"EntryPoint\",\"urlTemplate\":\"https:\/\/onbirelli.com\/?s={search_term_string}\"},\"query-input\":{\"@type\":\"PropertyValueSpecification\",\"valueRequired\":true,\"valueName\":\"search_term_string\"}}],\"inLanguage\":\"en-US\"},{\"@type\":\"Organization\",\"@id\":\"https:\/\/onbirelli.com\/#organization\",\"name\":\"Onbirelli\",\"url\":\"https:\/\/onbirelli.com\/\",\"logo\":{\"@type\":\"ImageObject\",\"inLanguage\":\"en-US\",\"@id\":\"https:\/\/onbirelli.com\/#\/schema\/logo\/image\/\",\"url\":\"https:\/\/onbirelli.com\/wp-content\/uploads\/2025\/05\/cropped-onbirellilogo-t.png\",\"contentUrl\":\"https:\/\/onbirelli.com\/wp-content\/uploads\/2025\/05\/cropped-onbirellilogo-t.png\",\"width\":590,\"height\":90,\"caption\":\"Onbirelli\"},\"image\":{\"@id\":\"https:\/\/onbirelli.com\/#\/schema\/logo\/image\/\"}}]}<\/script>\n<!-- \/ Yoast SEO Premium plugin. -->","yoast_head_json":{"title":"What is Onbirelli's vision and mission?","description":"Onbirelli works to make its business processes more efficient and sustainable by closely following technological developments.","robots":{"index":"index","follow":"follow","max-snippet":"max-snippet:-1","max-image-preview":"max-image-preview:large","max-video-preview":"max-video-preview:-1"},"canonical":"https:\/\/onbirelli.com\/en\/vision-and-mission\/","og_locale":"en_US","og_type":"article","og_title":"Vision and Mission","og_description":"Onbirelli works to make its business processes more efficient and sustainable by closely following technological developments.","og_url":"https:\/\/onbirelli.com\/en\/vision-and-mission\/","og_site_name":"Onbirelli","article_modified_time":"2023-08-26T15:07:02+00:00","og_image":[{"url":"https:\/\/onbirelli.com\/wp-content\/uploads\/2023\/05\/misyon.jpg","type":"","width":"","height":""}],"twitter_card":"summary_large_image","twitter_misc":{"Est. reading time":"3 minutes"},"schema":{"@context":"https:\/\/schema.org","@graph":[{"@type":"WebPage","@id":"https:\/\/onbirelli.com\/en\/vision-and-mission\/","url":"https:\/\/onbirelli.com\/en\/vision-and-mission\/","name":"What is Onbirelli's vision and mission?","isPartOf":{"@id":"https:\/\/onbirelli.com\/#website"},"primaryImageOfPage":{"@id":"https:\/\/onbirelli.com\/en\/vision-and-mission\/#primaryimage"},"image":{"@id":"https:\/\/onbirelli.com\/en\/vision-and-mission\/#primaryimage"},"thumbnailUrl":"https:\/\/onbirelli.com\/wp-content\/uploads\/2023\/05\/misyon.jpg","datePublished":"2023-05-17T06:55:39+00:00","dateModified":"2023-08-26T15:07:02+00:00","description":"Onbirelli works to make its business processes more efficient and sustainable by closely following technological developments.","breadcrumb":{"@id":"https:\/\/onbirelli.com\/en\/vision-and-mission\/#breadcrumb"},"inLanguage":"en-US","potentialAction":[{"@type":"ReadAction","target":["https:\/\/onbirelli.com\/en\/vision-and-mission\/"]}]},{"@type":"ImageObject","inLanguage":"en-US","@id":"https:\/\/onbirelli.com\/en\/vision-and-mission\/#primaryimage","url":"https:\/\/onbirelli.com\/wp-content\/uploads\/2023\/05\/misyon.jpg","contentUrl":"https:\/\/onbirelli.com\/wp-content\/uploads\/2023\/05\/misyon.jpg"},{"@type":"BreadcrumbList","@id":"https:\/\/onbirelli.com\/en\/vision-and-mission\/#breadcrumb","itemListElement":[{"@type":"ListItem","position":1,"name":"Home","item":"https:\/\/onbirelli.com\/"},{"@type":"ListItem","position":2,"name":"Vision and Mission"}]},{"@type":"WebSite","@id":"https:\/\/onbirelli.com\/#website","url":"https:\/\/onbirelli.com\/","name":"Onbirelli","description":"Bili\u015fimde Yenilik\u00e7i \u00c7\u00f6z\u00fcmler","publisher":{"@id":"https:\/\/onbirelli.com\/#organization"},"potentialAction":[{"@type":"SearchAction","target":{"@type":"EntryPoint","urlTemplate":"https:\/\/onbirelli.com\/?s={search_term_string}"},"query-input":{"@type":"PropertyValueSpecification","valueRequired":true,"valueName":"search_term_string"}}],"inLanguage":"en-US"},{"@type":"Organization","@id":"https:\/\/onbirelli.com\/#organization","name":"Onbirelli","url":"https:\/\/onbirelli.com\/","logo":{"@type":"ImageObject","inLanguage":"en-US","@id":"https:\/\/onbirelli.com\/#\/schema\/logo\/image\/","url":"https:\/\/onbirelli.com\/wp-content\/uploads\/2025\/05\/cropped-onbirellilogo-t.png","contentUrl":"https:\/\/onbirelli.com\/wp-content\/uploads\/2025\/05\/cropped-onbirellilogo-t.png","width":590,"height":90,"caption":"Onbirelli"},"image":{"@id":"https:\/\/onbirelli.com\/#\/schema\/logo\/image\/"}}]}},"_links":{"self":[{"href":"https:\/\/onbirelli.com\/en\/wp-json\/wp\/v2\/pages\/1522","targetHints":{"allow":["GET"]}}],"collection":[{"href":"https:\/\/onbirelli.com\/en\/wp-json\/wp\/v2\/pages"}],"about":[{"href":"https:\/\/onbirelli.com\/en\/wp-json\/wp\/v2\/types\/page"}],"author":[{"embeddable":true,"href":"https:\/\/onbirelli.com\/en\/wp-json\/wp\/v2\/users\/6"}],"replies":[{"embeddable":true,"href":"https:\/\/onbirelli.com\/en\/wp-json\/wp\/v2\/comments?post=1522"}],"version-history":[{"count":7,"href":"https:\/\/onbirelli.com\/en\/wp-json\/wp\/v2\/pages\/1522\/revisions"}],"predecessor-version":[{"id":1763,"href":"https:\/\/onbirelli.com\/en\/wp-json\/wp\/v2\/pages\/1522\/revisions\/1763"}],"wp:attachment":[{"href":"https:\/\/onbirelli.com\/en\/wp-json\/wp\/v2\/media?parent=1522"}],"curies":[{"name":"wp","href":"https:\/\/api.w.org\/{rel}","templated":true}]}}