{"id":1540,"date":"2023-05-18T10:11:04","date_gmt":"2023-05-18T07:11:04","guid":{"rendered":"https:\/\/onbirelli.com\/veri-depolama-sistemleri\/"},"modified":"2023-08-26T18:09:06","modified_gmt":"2023-08-26T15:09:06","slug":"data-storage-systems","status":"publish","type":"page","link":"https:\/\/onbirelli.com\/en\/data-storage-systems\/","title":{"rendered":"Data Storage Systems"},"content":{"rendered":"\t\t<div data-elementor-type=\"wp-page\" data-elementor-id=\"1540\" class=\"elementor elementor-1540\">\n\t\t\t\t\t\t\t<div class=\"elementor-element elementor-element-f716922 e-flex e-con-boxed e-con\" data-id=\"f716922\" data-element_type=\"container\" data-settings=\"{&quot;content_width&quot;:&quot;boxed&quot;}\">\n\t\t\t\t\t<div class=\"e-con-inner\">\n\t\t<div class=\"elementor-element elementor-element-77a8300 e-con-full e-flex e-con\" data-id=\"77a8300\" data-element_type=\"container\" data-settings=\"{&quot;content_width&quot;:&quot;full&quot;}\">\n\t\t\t\t<div class=\"elementor-element elementor-element-77e83c9 elementor-widget elementor-widget-image\" data-id=\"77e83c9\" data-element_type=\"widget\" data-widget_type=\"image.default\">\n\t\t\t\t<div class=\"elementor-widget-container\">\n\t\t\t<style>\/*! elementor - v3.15.0 - 20-08-2023 *\/\n.elementor-widget-image{text-align:center}.elementor-widget-image a{display:inline-block}.elementor-widget-image a img[src$=\".svg\"]{width:48px}.elementor-widget-image img{vertical-align:middle;display:inline-block}<\/style>\t\t\t\t\t\t\t\t\t\t\t\t<img loading=\"lazy\" decoding=\"async\" width=\"682\" height=\"1024\" src=\"https:\/\/onbirelli.com\/wp-content\/uploads\/2023\/05\/veri-depolama-682x1024.jpg\" class=\"attachment-large size-large wp-image-1020\" alt=\"\" srcset=\"https:\/\/onbirelli.com\/wp-content\/uploads\/2023\/05\/veri-depolama-682x1024.jpg 682w, https:\/\/onbirelli.com\/wp-content\/uploads\/2023\/05\/veri-depolama-200x300.jpg 200w, https:\/\/onbirelli.com\/wp-content\/uploads\/2023\/05\/veri-depolama-768x1154.jpg 768w, https:\/\/onbirelli.com\/wp-content\/uploads\/2023\/05\/veri-depolama-21x31.jpg 21w, https:\/\/onbirelli.com\/wp-content\/uploads\/2023\/05\/veri-depolama-53x80.jpg 53w, https:\/\/onbirelli.com\/wp-content\/uploads\/2023\/05\/veri-depolama-202x303.jpg 202w, https:\/\/onbirelli.com\/wp-content\/uploads\/2023\/05\/veri-depolama-466x700.jpg 466w, https:\/\/onbirelli.com\/wp-content\/uploads\/2023\/05\/veri-depolama-632x950.jpg 632w, https:\/\/onbirelli.com\/wp-content\/uploads\/2023\/05\/veri-depolama-719x1080.jpg 719w, https:\/\/onbirelli.com\/wp-content\/uploads\/2023\/05\/veri-depolama.jpg 1000w\" sizes=\"auto, (max-width: 682px) 100vw, 682px\" \/>\t\t\t\t\t\t\t\t\t\t\t\t\t\t\t<\/div>\n\t\t\t\t<\/div>\n\t\t\t\t<\/div>\n\t\t<div class=\"elementor-element elementor-element-76e3b1e e-con-full e-flex e-con\" data-id=\"76e3b1e\" data-element_type=\"container\" data-settings=\"{&quot;content_width&quot;:&quot;full&quot;}\">\n\t\t\t\t<div class=\"elementor-element elementor-element-f01e62d elementor-widget elementor-widget-heading\" data-id=\"f01e62d\" data-element_type=\"widget\" data-widget_type=\"heading.default\">\n\t\t\t\t<div class=\"elementor-widget-container\">\n\t\t\t<style>\/*! elementor - v3.15.0 - 20-08-2023 *\/\n.elementor-heading-title{padding:0;margin:0;line-height:1}.elementor-widget-heading .elementor-heading-title[class*=elementor-size-]>a{color:inherit;font-size:inherit;line-height:inherit}.elementor-widget-heading .elementor-heading-title.elementor-size-small{font-size:15px}.elementor-widget-heading .elementor-heading-title.elementor-size-medium{font-size:19px}.elementor-widget-heading .elementor-heading-title.elementor-size-large{font-size:29px}.elementor-widget-heading .elementor-heading-title.elementor-size-xl{font-size:39px}.elementor-widget-heading .elementor-heading-title.elementor-size-xxl{font-size:59px}<\/style><h2 class=\"elementor-heading-title elementor-size-default\">Data Storage Systems<\/h2>\t\t<\/div>\n\t\t\t\t<\/div>\n\t\t\t\t<div class=\"elementor-element elementor-element-b730185 elementor-widget elementor-widget-text-editor\" data-id=\"b730185\" data-element_type=\"widget\" data-widget_type=\"text-editor.default\">\n\t\t\t\t<div class=\"elementor-widget-container\">\n\t\t\t<style>\/*! elementor - v3.15.0 - 20-08-2023 *\/\n.elementor-widget-text-editor.elementor-drop-cap-view-stacked .elementor-drop-cap{background-color:#69727d;color:#fff}.elementor-widget-text-editor.elementor-drop-cap-view-framed .elementor-drop-cap{color:#69727d;border:3px solid;background-color:transparent}.elementor-widget-text-editor:not(.elementor-drop-cap-view-default) .elementor-drop-cap{margin-top:8px}.elementor-widget-text-editor:not(.elementor-drop-cap-view-default) .elementor-drop-cap-letter{width:1em;height:1em}.elementor-widget-text-editor .elementor-drop-cap{float:left;text-align:center;line-height:1;font-size:50px}.elementor-widget-text-editor .elementor-drop-cap-letter{display:inline-block}<\/style>\t\t\t\t<p>Onbirelli provides data storage solutions that help businesses effectively manage and store their growing data volumes. These services include selecting, deploying, and maintaining various storage technologies such as network-attached storage (NAS), storage area networks (SAN), and cloud-based storage solutions. By offering tailored storage solutions, Onbirelli ensures that businesses can optimize their storage capacity and performance, while reducing costs and simplifying data management.<\/p><p>\u00a0<\/p><p>In addition to storage system implementation, Onbirelli offers ongoing support and maintenance services to ensure that storage systems remain up-to-date, secure, and reliable. This includes monitoring storage performance, performing regular backups, and implementing data protection measures. With Onbirelli&#8217;s data storage solutions, businesses can be confident that their valuable data is securely stored and easily accessible when needed.<\/p>\t\t\t\t\t\t<\/div>\n\t\t\t\t<\/div>\n\t\t\t\t<\/div>\n\t\t\t\t\t<\/div>\n\t\t\t\t<\/div>\n\t\t\t\t\t\t\t<\/div>\n\t\t","protected":false},"excerpt":{"rendered":"<p>Data Storage Systems Onbirelli provides data storage solutions that help businesses effectively manage and store their growing data volumes. These services include selecting, deploying, and maintaining various storage technologies such as network-attached storage (NAS), storage area networks (SAN), and cloud-based &hellip; <a href=\"https:\/\/onbirelli.com\/en\/data-storage-systems\/\">Read More<\/a><\/p>\n","protected":false},"author":6,"featured_media":0,"parent":0,"menu_order":0,"comment_status":"closed","ping_status":"closed","template":"","meta":{"footnotes":""},"class_list":["post-1540","page","type-page","status-publish","hentry"],"yoast_head":"<!-- This site is optimized with the Yoast SEO Premium plugin v20.11 (Yoast SEO v27.2) - https:\/\/yoast.com\/product\/yoast-seo-premium-wordpress\/ -->\n<title>Onbirelli | Data Storage Systems<\/title>\n<meta name=\"description\" content=\"Onbirelli provides data storage solutions that help businesses effectively manage and store their growing data volumes.\" \/>\n<meta name=\"robots\" content=\"index, follow, max-snippet:-1, max-image-preview:large, max-video-preview:-1\" \/>\n<link rel=\"canonical\" href=\"https:\/\/onbirelli.com\/en\/data-storage-systems\/\" \/>\n<meta property=\"og:locale\" content=\"en_US\" \/>\n<meta property=\"og:type\" content=\"article\" \/>\n<meta property=\"og:title\" content=\"Data Storage Systems\" \/>\n<meta property=\"og:description\" content=\"Onbirelli provides data storage solutions that help businesses effectively manage and store their growing data volumes.\" \/>\n<meta property=\"og:url\" content=\"https:\/\/onbirelli.com\/en\/data-storage-systems\/\" \/>\n<meta property=\"og:site_name\" content=\"Onbirelli\" \/>\n<meta property=\"article:modified_time\" content=\"2023-08-26T15:09:06+00:00\" \/>\n<meta property=\"og:image\" content=\"https:\/\/onbirelli.com\/wp-content\/uploads\/2023\/05\/veri-depolama-682x1024.jpg\" \/>\n<meta name=\"twitter:card\" content=\"summary_large_image\" \/>\n<meta name=\"twitter:label1\" content=\"Est. reading time\" \/>\n\t<meta name=\"twitter:data1\" content=\"1 minute\" \/>\n<script type=\"application\/ld+json\" class=\"yoast-schema-graph\">{\"@context\":\"https:\/\/schema.org\",\"@graph\":[{\"@type\":\"WebPage\",\"@id\":\"https:\/\/onbirelli.com\/en\/data-storage-systems\/\",\"url\":\"https:\/\/onbirelli.com\/en\/data-storage-systems\/\",\"name\":\"Onbirelli | Data Storage Systems\",\"isPartOf\":{\"@id\":\"https:\/\/onbirelli.com\/#website\"},\"primaryImageOfPage\":{\"@id\":\"https:\/\/onbirelli.com\/en\/data-storage-systems\/#primaryimage\"},\"image\":{\"@id\":\"https:\/\/onbirelli.com\/en\/data-storage-systems\/#primaryimage\"},\"thumbnailUrl\":\"https:\/\/onbirelli.com\/wp-content\/uploads\/2023\/05\/veri-depolama-682x1024.jpg\",\"datePublished\":\"2023-05-18T07:11:04+00:00\",\"dateModified\":\"2023-08-26T15:09:06+00:00\",\"description\":\"Onbirelli provides data storage solutions that help businesses effectively manage and store their growing data volumes.\",\"breadcrumb\":{\"@id\":\"https:\/\/onbirelli.com\/en\/data-storage-systems\/#breadcrumb\"},\"inLanguage\":\"en-US\",\"potentialAction\":[{\"@type\":\"ReadAction\",\"target\":[\"https:\/\/onbirelli.com\/en\/data-storage-systems\/\"]}]},{\"@type\":\"ImageObject\",\"inLanguage\":\"en-US\",\"@id\":\"https:\/\/onbirelli.com\/en\/data-storage-systems\/#primaryimage\",\"url\":\"https:\/\/onbirelli.com\/wp-content\/uploads\/2023\/05\/veri-depolama-682x1024.jpg\",\"contentUrl\":\"https:\/\/onbirelli.com\/wp-content\/uploads\/2023\/05\/veri-depolama-682x1024.jpg\"},{\"@type\":\"BreadcrumbList\",\"@id\":\"https:\/\/onbirelli.com\/en\/data-storage-systems\/#breadcrumb\",\"itemListElement\":[{\"@type\":\"ListItem\",\"position\":1,\"name\":\"Home\",\"item\":\"https:\/\/onbirelli.com\/\"},{\"@type\":\"ListItem\",\"position\":2,\"name\":\"Data Storage Systems\"}]},{\"@type\":\"WebSite\",\"@id\":\"https:\/\/onbirelli.com\/#website\",\"url\":\"https:\/\/onbirelli.com\/\",\"name\":\"Onbirelli\",\"description\":\"Bili\u015fimde Yenilik\u00e7i \u00c7\u00f6z\u00fcmler\",\"publisher\":{\"@id\":\"https:\/\/onbirelli.com\/#organization\"},\"potentialAction\":[{\"@type\":\"SearchAction\",\"target\":{\"@type\":\"EntryPoint\",\"urlTemplate\":\"https:\/\/onbirelli.com\/?s={search_term_string}\"},\"query-input\":{\"@type\":\"PropertyValueSpecification\",\"valueRequired\":true,\"valueName\":\"search_term_string\"}}],\"inLanguage\":\"en-US\"},{\"@type\":\"Organization\",\"@id\":\"https:\/\/onbirelli.com\/#organization\",\"name\":\"Onbirelli\",\"url\":\"https:\/\/onbirelli.com\/\",\"logo\":{\"@type\":\"ImageObject\",\"inLanguage\":\"en-US\",\"@id\":\"https:\/\/onbirelli.com\/#\/schema\/logo\/image\/\",\"url\":\"https:\/\/onbirelli.com\/wp-content\/uploads\/2025\/05\/cropped-onbirellilogo-t.png\",\"contentUrl\":\"https:\/\/onbirelli.com\/wp-content\/uploads\/2025\/05\/cropped-onbirellilogo-t.png\",\"width\":590,\"height\":90,\"caption\":\"Onbirelli\"},\"image\":{\"@id\":\"https:\/\/onbirelli.com\/#\/schema\/logo\/image\/\"}}]}<\/script>\n<!-- \/ Yoast SEO Premium plugin. -->","yoast_head_json":{"title":"Onbirelli | Data Storage Systems","description":"Onbirelli provides data storage solutions that help businesses effectively manage and store their growing data volumes.","robots":{"index":"index","follow":"follow","max-snippet":"max-snippet:-1","max-image-preview":"max-image-preview:large","max-video-preview":"max-video-preview:-1"},"canonical":"https:\/\/onbirelli.com\/en\/data-storage-systems\/","og_locale":"en_US","og_type":"article","og_title":"Data Storage Systems","og_description":"Onbirelli provides data storage solutions that help businesses effectively manage and store their growing data volumes.","og_url":"https:\/\/onbirelli.com\/en\/data-storage-systems\/","og_site_name":"Onbirelli","article_modified_time":"2023-08-26T15:09:06+00:00","og_image":[{"url":"https:\/\/onbirelli.com\/wp-content\/uploads\/2023\/05\/veri-depolama-682x1024.jpg","type":"","width":"","height":""}],"twitter_card":"summary_large_image","twitter_misc":{"Est. reading time":"1 minute"},"schema":{"@context":"https:\/\/schema.org","@graph":[{"@type":"WebPage","@id":"https:\/\/onbirelli.com\/en\/data-storage-systems\/","url":"https:\/\/onbirelli.com\/en\/data-storage-systems\/","name":"Onbirelli | Data Storage Systems","isPartOf":{"@id":"https:\/\/onbirelli.com\/#website"},"primaryImageOfPage":{"@id":"https:\/\/onbirelli.com\/en\/data-storage-systems\/#primaryimage"},"image":{"@id":"https:\/\/onbirelli.com\/en\/data-storage-systems\/#primaryimage"},"thumbnailUrl":"https:\/\/onbirelli.com\/wp-content\/uploads\/2023\/05\/veri-depolama-682x1024.jpg","datePublished":"2023-05-18T07:11:04+00:00","dateModified":"2023-08-26T15:09:06+00:00","description":"Onbirelli provides data storage solutions that help businesses effectively manage and store their growing data volumes.","breadcrumb":{"@id":"https:\/\/onbirelli.com\/en\/data-storage-systems\/#breadcrumb"},"inLanguage":"en-US","potentialAction":[{"@type":"ReadAction","target":["https:\/\/onbirelli.com\/en\/data-storage-systems\/"]}]},{"@type":"ImageObject","inLanguage":"en-US","@id":"https:\/\/onbirelli.com\/en\/data-storage-systems\/#primaryimage","url":"https:\/\/onbirelli.com\/wp-content\/uploads\/2023\/05\/veri-depolama-682x1024.jpg","contentUrl":"https:\/\/onbirelli.com\/wp-content\/uploads\/2023\/05\/veri-depolama-682x1024.jpg"},{"@type":"BreadcrumbList","@id":"https:\/\/onbirelli.com\/en\/data-storage-systems\/#breadcrumb","itemListElement":[{"@type":"ListItem","position":1,"name":"Home","item":"https:\/\/onbirelli.com\/"},{"@type":"ListItem","position":2,"name":"Data Storage Systems"}]},{"@type":"WebSite","@id":"https:\/\/onbirelli.com\/#website","url":"https:\/\/onbirelli.com\/","name":"Onbirelli","description":"Bili\u015fimde Yenilik\u00e7i \u00c7\u00f6z\u00fcmler","publisher":{"@id":"https:\/\/onbirelli.com\/#organization"},"potentialAction":[{"@type":"SearchAction","target":{"@type":"EntryPoint","urlTemplate":"https:\/\/onbirelli.com\/?s={search_term_string}"},"query-input":{"@type":"PropertyValueSpecification","valueRequired":true,"valueName":"search_term_string"}}],"inLanguage":"en-US"},{"@type":"Organization","@id":"https:\/\/onbirelli.com\/#organization","name":"Onbirelli","url":"https:\/\/onbirelli.com\/","logo":{"@type":"ImageObject","inLanguage":"en-US","@id":"https:\/\/onbirelli.com\/#\/schema\/logo\/image\/","url":"https:\/\/onbirelli.com\/wp-content\/uploads\/2025\/05\/cropped-onbirellilogo-t.png","contentUrl":"https:\/\/onbirelli.com\/wp-content\/uploads\/2025\/05\/cropped-onbirellilogo-t.png","width":590,"height":90,"caption":"Onbirelli"},"image":{"@id":"https:\/\/onbirelli.com\/#\/schema\/logo\/image\/"}}]}},"_links":{"self":[{"href":"https:\/\/onbirelli.com\/en\/wp-json\/wp\/v2\/pages\/1540","targetHints":{"allow":["GET"]}}],"collection":[{"href":"https:\/\/onbirelli.com\/en\/wp-json\/wp\/v2\/pages"}],"about":[{"href":"https:\/\/onbirelli.com\/en\/wp-json\/wp\/v2\/types\/page"}],"author":[{"embeddable":true,"href":"https:\/\/onbirelli.com\/en\/wp-json\/wp\/v2\/users\/6"}],"replies":[{"embeddable":true,"href":"https:\/\/onbirelli.com\/en\/wp-json\/wp\/v2\/comments?post=1540"}],"version-history":[{"count":9,"href":"https:\/\/onbirelli.com\/en\/wp-json\/wp\/v2\/pages\/1540\/revisions"}],"predecessor-version":[{"id":1771,"href":"https:\/\/onbirelli.com\/en\/wp-json\/wp\/v2\/pages\/1540\/revisions\/1771"}],"wp:attachment":[{"href":"https:\/\/onbirelli.com\/en\/wp-json\/wp\/v2\/media?parent=1540"}],"curies":[{"name":"wp","href":"https:\/\/api.w.org\/{rel}","templated":true}]}}