{"id":1544,"date":"2023-05-18T11:58:10","date_gmt":"2023-05-18T08:58:10","guid":{"rendered":"https:\/\/onbirelli.com\/is-zekasi\/"},"modified":"2023-08-26T18:08:03","modified_gmt":"2023-08-26T15:08:03","slug":"business-intelligence","status":"publish","type":"page","link":"https:\/\/onbirelli.com\/en\/business-intelligence\/","title":{"rendered":"Business Intelligence"},"content":{"rendered":"\t\t<div data-elementor-type=\"wp-page\" data-elementor-id=\"1544\" class=\"elementor elementor-1544\">\n\t\t\t\t\t\t\t<div class=\"elementor-element elementor-element-492b3d4 e-flex e-con-boxed e-con\" data-id=\"492b3d4\" data-element_type=\"container\" data-settings=\"{&quot;content_width&quot;:&quot;boxed&quot;}\">\n\t\t\t\t\t<div class=\"e-con-inner\">\n\t\t<div class=\"elementor-element elementor-element-4952ba2 e-con-full e-flex e-con\" data-id=\"4952ba2\" data-element_type=\"container\" data-settings=\"{&quot;content_width&quot;:&quot;full&quot;}\">\n\t\t\t\t<div class=\"elementor-element elementor-element-afb03fd elementor-widget elementor-widget-image\" data-id=\"afb03fd\" data-element_type=\"widget\" data-widget_type=\"image.default\">\n\t\t\t\t<div class=\"elementor-widget-container\">\n\t\t\t<style>\/*! elementor - v3.15.0 - 20-08-2023 *\/\n.elementor-widget-image{text-align:center}.elementor-widget-image a{display:inline-block}.elementor-widget-image a img[src$=\".svg\"]{width:48px}.elementor-widget-image img{vertical-align:middle;display:inline-block}<\/style>\t\t\t\t\t\t\t\t\t\t\t\t<img loading=\"lazy\" decoding=\"async\" width=\"682\" height=\"1024\" src=\"https:\/\/onbirelli.com\/wp-content\/uploads\/2023\/05\/is-zekasi-682x1024.jpg\" class=\"attachment-large size-large wp-image-1076\" alt=\"\" srcset=\"https:\/\/onbirelli.com\/wp-content\/uploads\/2023\/05\/is-zekasi-682x1024.jpg 682w, https:\/\/onbirelli.com\/wp-content\/uploads\/2023\/05\/is-zekasi-200x300.jpg 200w, https:\/\/onbirelli.com\/wp-content\/uploads\/2023\/05\/is-zekasi-768x1154.jpg 768w, https:\/\/onbirelli.com\/wp-content\/uploads\/2023\/05\/is-zekasi-21x31.jpg 21w, https:\/\/onbirelli.com\/wp-content\/uploads\/2023\/05\/is-zekasi-53x80.jpg 53w, https:\/\/onbirelli.com\/wp-content\/uploads\/2023\/05\/is-zekasi-202x303.jpg 202w, https:\/\/onbirelli.com\/wp-content\/uploads\/2023\/05\/is-zekasi-466x700.jpg 466w, https:\/\/onbirelli.com\/wp-content\/uploads\/2023\/05\/is-zekasi-632x950.jpg 632w, https:\/\/onbirelli.com\/wp-content\/uploads\/2023\/05\/is-zekasi-719x1080.jpg 719w, https:\/\/onbirelli.com\/wp-content\/uploads\/2023\/05\/is-zekasi.jpg 1000w\" sizes=\"auto, (max-width: 682px) 100vw, 682px\" \/>\t\t\t\t\t\t\t\t\t\t\t\t\t\t\t<\/div>\n\t\t\t\t<\/div>\n\t\t\t\t<\/div>\n\t\t<div class=\"elementor-element elementor-element-2129d24 e-con-full e-flex e-con\" data-id=\"2129d24\" data-element_type=\"container\" data-settings=\"{&quot;content_width&quot;:&quot;full&quot;}\">\n\t\t\t\t<div class=\"elementor-element elementor-element-130a5c7 elementor-widget elementor-widget-heading\" data-id=\"130a5c7\" data-element_type=\"widget\" data-widget_type=\"heading.default\">\n\t\t\t\t<div class=\"elementor-widget-container\">\n\t\t\t<style>\/*! elementor - v3.15.0 - 20-08-2023 *\/\n.elementor-heading-title{padding:0;margin:0;line-height:1}.elementor-widget-heading .elementor-heading-title[class*=elementor-size-]>a{color:inherit;font-size:inherit;line-height:inherit}.elementor-widget-heading .elementor-heading-title.elementor-size-small{font-size:15px}.elementor-widget-heading .elementor-heading-title.elementor-size-medium{font-size:19px}.elementor-widget-heading .elementor-heading-title.elementor-size-large{font-size:29px}.elementor-widget-heading .elementor-heading-title.elementor-size-xl{font-size:39px}.elementor-widget-heading .elementor-heading-title.elementor-size-xxl{font-size:59px}<\/style><h2 class=\"elementor-heading-title elementor-size-default\">Business Intelligence<\/h2>\t\t<\/div>\n\t\t\t\t<\/div>\n\t\t\t\t<div class=\"elementor-element elementor-element-d9ecbb2 elementor-widget elementor-widget-text-editor\" data-id=\"d9ecbb2\" data-element_type=\"widget\" data-widget_type=\"text-editor.default\">\n\t\t\t\t<div class=\"elementor-widget-container\">\n\t\t\t<style>\/*! elementor - v3.15.0 - 20-08-2023 *\/\n.elementor-widget-text-editor.elementor-drop-cap-view-stacked .elementor-drop-cap{background-color:#69727d;color:#fff}.elementor-widget-text-editor.elementor-drop-cap-view-framed .elementor-drop-cap{color:#69727d;border:3px solid;background-color:transparent}.elementor-widget-text-editor:not(.elementor-drop-cap-view-default) .elementor-drop-cap{margin-top:8px}.elementor-widget-text-editor:not(.elementor-drop-cap-view-default) .elementor-drop-cap-letter{width:1em;height:1em}.elementor-widget-text-editor .elementor-drop-cap{float:left;text-align:center;line-height:1;font-size:50px}.elementor-widget-text-editor .elementor-drop-cap-letter{display:inline-block}<\/style>\t\t\t\t<p>Onbirelli provides business intelligence services to help businesses collect, analyze, and derive valuable insights from vast amounts of data. Business intelligence solutions enable businesses to improve their performance and decision-making processes, while also supporting the development of more informed and data-driven strategies. Onbirelli&#8217;s business intelligence services can be applied across various areas, such as data visualization, reporting, analytical modeling, and forecasting.<\/p><p>Onbirelli develops customized business intelligence solutions that can be integrated into businesses&#8217; existing infrastructures and systems. This helps businesses effectively manage and analyze their data, providing them with actionable insights. Moreover, Onbirelli offers continuous support and consulting services to ensure the successful implementation of business intelligence solutions and maximize the benefits businesses can derive from these solutions.<\/p>\t\t\t\t\t\t<\/div>\n\t\t\t\t<\/div>\n\t\t\t\t<\/div>\n\t\t\t\t\t<\/div>\n\t\t\t\t<\/div>\n\t\t\t\t\t\t\t<\/div>\n\t\t","protected":false},"excerpt":{"rendered":"<p>Business Intelligence Onbirelli provides business intelligence services to help businesses collect, analyze, and derive valuable insights from vast amounts of data. Business intelligence solutions enable businesses to improve their performance and decision-making processes, while also supporting the development of more &hellip; <a href=\"https:\/\/onbirelli.com\/en\/business-intelligence\/\">Read More<\/a><\/p>\n","protected":false},"author":6,"featured_media":0,"parent":0,"menu_order":0,"comment_status":"closed","ping_status":"closed","template":"","meta":{"footnotes":""},"class_list":["post-1544","page","type-page","status-publish","hentry"],"yoast_head":"<!-- This site is optimized with the Yoast SEO Premium plugin v20.11 (Yoast SEO v27.2) - https:\/\/yoast.com\/product\/yoast-seo-premium-wordpress\/ -->\n<title>Onbirelli | Business Intelligence<\/title>\n<meta name=\"description\" content=\"Onbirelli provides business intelligence services to help businesses collect,analyze, and derive valuable insights from vast amounts of data.\" \/>\n<meta name=\"robots\" content=\"index, follow, max-snippet:-1, max-image-preview:large, max-video-preview:-1\" \/>\n<link rel=\"canonical\" href=\"https:\/\/onbirelli.com\/en\/business-intelligence\/\" \/>\n<meta property=\"og:locale\" content=\"en_US\" \/>\n<meta property=\"og:type\" content=\"article\" \/>\n<meta property=\"og:title\" content=\"Business Intelligence\" \/>\n<meta property=\"og:description\" content=\"Onbirelli provides business intelligence services to help businesses collect,analyze, and derive valuable insights from vast amounts of data.\" \/>\n<meta property=\"og:url\" content=\"https:\/\/onbirelli.com\/en\/business-intelligence\/\" \/>\n<meta property=\"og:site_name\" content=\"Onbirelli\" \/>\n<meta property=\"article:modified_time\" content=\"2023-08-26T15:08:03+00:00\" \/>\n<meta property=\"og:image\" content=\"https:\/\/onbirelli.com\/wp-content\/uploads\/2023\/05\/is-zekasi-682x1024.jpg\" \/>\n<meta name=\"twitter:card\" content=\"summary_large_image\" \/>\n<meta name=\"twitter:label1\" content=\"Est. reading time\" \/>\n\t<meta name=\"twitter:data1\" content=\"1 minute\" \/>\n<script type=\"application\/ld+json\" class=\"yoast-schema-graph\">{\"@context\":\"https:\/\/schema.org\",\"@graph\":[{\"@type\":\"WebPage\",\"@id\":\"https:\/\/onbirelli.com\/en\/business-intelligence\/\",\"url\":\"https:\/\/onbirelli.com\/en\/business-intelligence\/\",\"name\":\"Onbirelli | Business Intelligence\",\"isPartOf\":{\"@id\":\"https:\/\/onbirelli.com\/#website\"},\"primaryImageOfPage\":{\"@id\":\"https:\/\/onbirelli.com\/en\/business-intelligence\/#primaryimage\"},\"image\":{\"@id\":\"https:\/\/onbirelli.com\/en\/business-intelligence\/#primaryimage\"},\"thumbnailUrl\":\"https:\/\/onbirelli.com\/wp-content\/uploads\/2023\/05\/is-zekasi-682x1024.jpg\",\"datePublished\":\"2023-05-18T08:58:10+00:00\",\"dateModified\":\"2023-08-26T15:08:03+00:00\",\"description\":\"Onbirelli provides business intelligence services to help businesses collect,analyze, and derive valuable insights from vast amounts of data.\",\"breadcrumb\":{\"@id\":\"https:\/\/onbirelli.com\/en\/business-intelligence\/#breadcrumb\"},\"inLanguage\":\"en-US\",\"potentialAction\":[{\"@type\":\"ReadAction\",\"target\":[\"https:\/\/onbirelli.com\/en\/business-intelligence\/\"]}]},{\"@type\":\"ImageObject\",\"inLanguage\":\"en-US\",\"@id\":\"https:\/\/onbirelli.com\/en\/business-intelligence\/#primaryimage\",\"url\":\"https:\/\/onbirelli.com\/wp-content\/uploads\/2023\/05\/is-zekasi-682x1024.jpg\",\"contentUrl\":\"https:\/\/onbirelli.com\/wp-content\/uploads\/2023\/05\/is-zekasi-682x1024.jpg\"},{\"@type\":\"BreadcrumbList\",\"@id\":\"https:\/\/onbirelli.com\/en\/business-intelligence\/#breadcrumb\",\"itemListElement\":[{\"@type\":\"ListItem\",\"position\":1,\"name\":\"Home\",\"item\":\"https:\/\/onbirelli.com\/\"},{\"@type\":\"ListItem\",\"position\":2,\"name\":\"Business Intelligence\"}]},{\"@type\":\"WebSite\",\"@id\":\"https:\/\/onbirelli.com\/#website\",\"url\":\"https:\/\/onbirelli.com\/\",\"name\":\"Onbirelli\",\"description\":\"Bili\u015fimde Yenilik\u00e7i \u00c7\u00f6z\u00fcmler\",\"publisher\":{\"@id\":\"https:\/\/onbirelli.com\/#organization\"},\"potentialAction\":[{\"@type\":\"SearchAction\",\"target\":{\"@type\":\"EntryPoint\",\"urlTemplate\":\"https:\/\/onbirelli.com\/?s={search_term_string}\"},\"query-input\":{\"@type\":\"PropertyValueSpecification\",\"valueRequired\":true,\"valueName\":\"search_term_string\"}}],\"inLanguage\":\"en-US\"},{\"@type\":\"Organization\",\"@id\":\"https:\/\/onbirelli.com\/#organization\",\"name\":\"Onbirelli\",\"url\":\"https:\/\/onbirelli.com\/\",\"logo\":{\"@type\":\"ImageObject\",\"inLanguage\":\"en-US\",\"@id\":\"https:\/\/onbirelli.com\/#\/schema\/logo\/image\/\",\"url\":\"https:\/\/onbirelli.com\/wp-content\/uploads\/2025\/05\/cropped-onbirellilogo-t.png\",\"contentUrl\":\"https:\/\/onbirelli.com\/wp-content\/uploads\/2025\/05\/cropped-onbirellilogo-t.png\",\"width\":590,\"height\":90,\"caption\":\"Onbirelli\"},\"image\":{\"@id\":\"https:\/\/onbirelli.com\/#\/schema\/logo\/image\/\"}}]}<\/script>\n<!-- \/ Yoast SEO Premium plugin. -->","yoast_head_json":{"title":"Onbirelli | Business Intelligence","description":"Onbirelli provides business intelligence services to help businesses collect,analyze, and derive valuable insights from vast amounts of data.","robots":{"index":"index","follow":"follow","max-snippet":"max-snippet:-1","max-image-preview":"max-image-preview:large","max-video-preview":"max-video-preview:-1"},"canonical":"https:\/\/onbirelli.com\/en\/business-intelligence\/","og_locale":"en_US","og_type":"article","og_title":"Business Intelligence","og_description":"Onbirelli provides business intelligence services to help businesses collect,analyze, and derive valuable insights from vast amounts of data.","og_url":"https:\/\/onbirelli.com\/en\/business-intelligence\/","og_site_name":"Onbirelli","article_modified_time":"2023-08-26T15:08:03+00:00","og_image":[{"url":"https:\/\/onbirelli.com\/wp-content\/uploads\/2023\/05\/is-zekasi-682x1024.jpg","type":"","width":"","height":""}],"twitter_card":"summary_large_image","twitter_misc":{"Est. reading time":"1 minute"},"schema":{"@context":"https:\/\/schema.org","@graph":[{"@type":"WebPage","@id":"https:\/\/onbirelli.com\/en\/business-intelligence\/","url":"https:\/\/onbirelli.com\/en\/business-intelligence\/","name":"Onbirelli | Business Intelligence","isPartOf":{"@id":"https:\/\/onbirelli.com\/#website"},"primaryImageOfPage":{"@id":"https:\/\/onbirelli.com\/en\/business-intelligence\/#primaryimage"},"image":{"@id":"https:\/\/onbirelli.com\/en\/business-intelligence\/#primaryimage"},"thumbnailUrl":"https:\/\/onbirelli.com\/wp-content\/uploads\/2023\/05\/is-zekasi-682x1024.jpg","datePublished":"2023-05-18T08:58:10+00:00","dateModified":"2023-08-26T15:08:03+00:00","description":"Onbirelli provides business intelligence services to help businesses collect,analyze, and derive valuable insights from vast amounts of data.","breadcrumb":{"@id":"https:\/\/onbirelli.com\/en\/business-intelligence\/#breadcrumb"},"inLanguage":"en-US","potentialAction":[{"@type":"ReadAction","target":["https:\/\/onbirelli.com\/en\/business-intelligence\/"]}]},{"@type":"ImageObject","inLanguage":"en-US","@id":"https:\/\/onbirelli.com\/en\/business-intelligence\/#primaryimage","url":"https:\/\/onbirelli.com\/wp-content\/uploads\/2023\/05\/is-zekasi-682x1024.jpg","contentUrl":"https:\/\/onbirelli.com\/wp-content\/uploads\/2023\/05\/is-zekasi-682x1024.jpg"},{"@type":"BreadcrumbList","@id":"https:\/\/onbirelli.com\/en\/business-intelligence\/#breadcrumb","itemListElement":[{"@type":"ListItem","position":1,"name":"Home","item":"https:\/\/onbirelli.com\/"},{"@type":"ListItem","position":2,"name":"Business Intelligence"}]},{"@type":"WebSite","@id":"https:\/\/onbirelli.com\/#website","url":"https:\/\/onbirelli.com\/","name":"Onbirelli","description":"Bili\u015fimde Yenilik\u00e7i \u00c7\u00f6z\u00fcmler","publisher":{"@id":"https:\/\/onbirelli.com\/#organization"},"potentialAction":[{"@type":"SearchAction","target":{"@type":"EntryPoint","urlTemplate":"https:\/\/onbirelli.com\/?s={search_term_string}"},"query-input":{"@type":"PropertyValueSpecification","valueRequired":true,"valueName":"search_term_string"}}],"inLanguage":"en-US"},{"@type":"Organization","@id":"https:\/\/onbirelli.com\/#organization","name":"Onbirelli","url":"https:\/\/onbirelli.com\/","logo":{"@type":"ImageObject","inLanguage":"en-US","@id":"https:\/\/onbirelli.com\/#\/schema\/logo\/image\/","url":"https:\/\/onbirelli.com\/wp-content\/uploads\/2025\/05\/cropped-onbirellilogo-t.png","contentUrl":"https:\/\/onbirelli.com\/wp-content\/uploads\/2025\/05\/cropped-onbirellilogo-t.png","width":590,"height":90,"caption":"Onbirelli"},"image":{"@id":"https:\/\/onbirelli.com\/#\/schema\/logo\/image\/"}}]}},"_links":{"self":[{"href":"https:\/\/onbirelli.com\/en\/wp-json\/wp\/v2\/pages\/1544","targetHints":{"allow":["GET"]}}],"collection":[{"href":"https:\/\/onbirelli.com\/en\/wp-json\/wp\/v2\/pages"}],"about":[{"href":"https:\/\/onbirelli.com\/en\/wp-json\/wp\/v2\/types\/page"}],"author":[{"embeddable":true,"href":"https:\/\/onbirelli.com\/en\/wp-json\/wp\/v2\/users\/6"}],"replies":[{"embeddable":true,"href":"https:\/\/onbirelli.com\/en\/wp-json\/wp\/v2\/comments?post=1544"}],"version-history":[{"count":6,"href":"https:\/\/onbirelli.com\/en\/wp-json\/wp\/v2\/pages\/1544\/revisions"}],"predecessor-version":[{"id":1780,"href":"https:\/\/onbirelli.com\/en\/wp-json\/wp\/v2\/pages\/1544\/revisions\/1780"}],"wp:attachment":[{"href":"https:\/\/onbirelli.com\/en\/wp-json\/wp\/v2\/media?parent=1544"}],"curies":[{"name":"wp","href":"https:\/\/api.w.org\/{rel}","templated":true}]}}