{"id":1610,"date":"2020-04-24T14:15:43","date_gmt":"2020-04-24T11:15:43","guid":{"rendered":"https:\/\/onbirelli.com\/iletisim\/"},"modified":"2024-09-04T16:14:22","modified_gmt":"2024-09-04T13:14:22","slug":"contact","status":"publish","type":"page","link":"https:\/\/onbirelli.com\/en\/contact\/","title":{"rendered":"Contact"},"content":{"rendered":"\t\t<div data-elementor-type=\"wp-page\" data-elementor-id=\"1610\" class=\"elementor elementor-1610\">\n\t\t\t\t\t\t\t\t\t<section class=\"elementor-section elementor-top-section elementor-element elementor-element-47453f84 elementor-section-boxed elementor-section-height-default elementor-section-height-default\" data-id=\"47453f84\" data-element_type=\"section\" data-settings=\"{&quot;background_background&quot;:&quot;classic&quot;}\">\n\t\t\t\t\t\t<div class=\"elementor-container elementor-column-gap-extended\">\n\t\t\t\t\t<div class=\"elementor-column elementor-col-50 elementor-top-column elementor-element elementor-element-7b4d1098\" data-id=\"7b4d1098\" data-element_type=\"column\">\n\t\t\t<div class=\"elementor-widget-wrap elementor-element-populated\">\n\t\t\t\t\t\t\t\t<div class=\"elementor-element elementor-element-5fd1afa2 elementor-position-left elementor-view-default elementor-invisible elementor-widget elementor-widget-themo-service-block\" data-id=\"5fd1afa2\" data-element_type=\"widget\" data-settings=\"{&quot;_animation&quot;:&quot;fadeInUp&quot;}\" data-widget_type=\"themo-service-block.default\">\n\t\t\t\t<div class=\"elementor-widget-container\">\n\t\t\t\t\t<div class=\"th-service-block-w\">\n            <div class=\"elementor-icon-box-wrapper th-show-icon\">\n                                    <div class=\"elementor-icon-box-icon th-icon-size-sm\">\n                        <span class=\"elementor-icon \" >\n                            <i aria-hidden=\"true\" class=\"fasth-linea icon-basic-smartphone\"><\/i>                        <\/span>\n                    <\/div>\n                                <div class=\"elementor-icon-box-content\">\n                    <h4 class=\"elementor-icon-box-title\">\n                        <span >+90 (850) 305-1150<\/span>\n                    <\/h4>\n                    <p class=\"elementor-icon-box-description\"><\/p>\n                <\/div>\n            <\/div>\n\n        <\/div>\n\n\t\t\t\t<\/div>\n\t\t\t\t<\/div>\n\t\t\t\t<div class=\"elementor-element elementor-element-6889a60d elementor-widget elementor-widget-spacer\" data-id=\"6889a60d\" data-element_type=\"widget\" data-widget_type=\"spacer.default\">\n\t\t\t\t<div class=\"elementor-widget-container\">\n\t\t\t<style>\/*! elementor - v3.15.0 - 20-08-2023 *\/\n.elementor-column .elementor-spacer-inner{height:var(--spacer-size)}.e-con{--container-widget-width:100%}.e-con-inner>.elementor-widget-spacer,.e-con>.elementor-widget-spacer{width:var(--container-widget-width,var(--spacer-size));--align-self:var(--container-widget-align-self,initial);--flex-shrink:0}.e-con-inner>.elementor-widget-spacer>.elementor-widget-container,.e-con-inner>.elementor-widget-spacer>.elementor-widget-container>.elementor-spacer,.e-con>.elementor-widget-spacer>.elementor-widget-container,.e-con>.elementor-widget-spacer>.elementor-widget-container>.elementor-spacer{height:100%}.e-con-inner>.elementor-widget-spacer>.elementor-widget-container>.elementor-spacer>.elementor-spacer-inner,.e-con>.elementor-widget-spacer>.elementor-widget-container>.elementor-spacer>.elementor-spacer-inner{height:var(--container-widget-height,var(--spacer-size))}<\/style>\t\t<div class=\"elementor-spacer\">\n\t\t\t<div class=\"elementor-spacer-inner\"><\/div>\n\t\t<\/div>\n\t\t\t\t<\/div>\n\t\t\t\t<\/div>\n\t\t\t\t<div class=\"elementor-element elementor-element-2dd690d4 elementor-position-left elementor-view-default elementor-invisible elementor-widget elementor-widget-themo-service-block\" data-id=\"2dd690d4\" data-element_type=\"widget\" data-settings=\"{&quot;_animation&quot;:&quot;fadeInUp&quot;}\" data-widget_type=\"themo-service-block.default\">\n\t\t\t\t<div class=\"elementor-widget-container\">\n\t\t\t\t\t<div class=\"th-service-block-w\">\n            <div class=\"elementor-icon-box-wrapper th-show-icon\">\n                                    <div class=\"elementor-icon-box-icon th-icon-size-sm\">\n                        <span class=\"elementor-icon \" >\n                            <i aria-hidden=\"true\" class=\"fasth-linea icon-basic-mail\"><\/i>                        <\/span>\n                    <\/div>\n                                <div class=\"elementor-icon-box-content\">\n                    <h4 class=\"elementor-icon-box-title\">\n                        <span >info@onbirelli.com<\/span>\n                    <\/h4>\n                    <p class=\"elementor-icon-box-description\"><\/p>\n                <\/div>\n            <\/div>\n\n        <\/div>\n\n\t\t\t\t<\/div>\n\t\t\t\t<\/div>\n\t\t\t\t<div class=\"elementor-element elementor-element-40cee507 elementor-widget elementor-widget-spacer\" data-id=\"40cee507\" data-element_type=\"widget\" data-widget_type=\"spacer.default\">\n\t\t\t\t<div class=\"elementor-widget-container\">\n\t\t\t\t\t<div class=\"elementor-spacer\">\n\t\t\t<div class=\"elementor-spacer-inner\"><\/div>\n\t\t<\/div>\n\t\t\t\t<\/div>\n\t\t\t\t<\/div>\n\t\t\t\t<div class=\"elementor-element elementor-element-905525f elementor-position-left elementor-view-default elementor-invisible elementor-widget elementor-widget-themo-service-block\" data-id=\"905525f\" data-element_type=\"widget\" data-settings=\"{&quot;_animation&quot;:&quot;fadeInUp&quot;,&quot;_animation_delay&quot;:50}\" data-widget_type=\"themo-service-block.default\">\n\t\t\t\t<div class=\"elementor-widget-container\">\n\t\t\t\t\t<div class=\"th-service-block-w\">\n            <div class=\"elementor-icon-box-wrapper th-show-icon\">\n                                    <div class=\"elementor-icon-box-icon th-icon-size-sm\">\n                        <span class=\"elementor-icon \" >\n                            <i aria-hidden=\"true\" class=\"fasth-trip travelpack-location-pin-1\"><\/i>                        <\/span>\n                    <\/div>\n                                <div class=\"elementor-icon-box-content\">\n                    <h4 class=\"elementor-icon-box-title\">\n                        <span >Address info<\/span>\n                    <\/h4>\n                    <p class=\"elementor-icon-box-description\">Y\u00fcz\u00fcnc\u00fc Y\u0131l Mahallesi  85147 Sk. \n\u00c7ukurova \/ Adana\nT\u00fcrkiye 01170\n<\/p>\n                <\/div>\n            <\/div>\n\n        <\/div>\n\n\t\t\t\t<\/div>\n\t\t\t\t<\/div>\n\t\t\t\t\t<\/div>\n\t\t<\/div>\n\t\t\t\t<div class=\"elementor-column elementor-col-50 elementor-top-column elementor-element elementor-element-bae45cf\" data-id=\"bae45cf\" data-element_type=\"column\" data-settings=\"{&quot;background_background&quot;:&quot;classic&quot;}\">\n\t\t\t<div class=\"elementor-widget-wrap elementor-element-populated\">\n\t\t\t\t\t\t\t\t<div class=\"elementor-element elementor-element-78760bc8 elementor-widget elementor-widget-heading\" data-id=\"78760bc8\" data-element_type=\"widget\" data-widget_type=\"heading.default\">\n\t\t\t\t<div class=\"elementor-widget-container\">\n\t\t\t<style>\/*! elementor - v3.15.0 - 20-08-2023 *\/\n.elementor-heading-title{padding:0;margin:0;line-height:1}.elementor-widget-heading .elementor-heading-title[class*=elementor-size-]>a{color:inherit;font-size:inherit;line-height:inherit}.elementor-widget-heading .elementor-heading-title.elementor-size-small{font-size:15px}.elementor-widget-heading .elementor-heading-title.elementor-size-medium{font-size:19px}.elementor-widget-heading .elementor-heading-title.elementor-size-large{font-size:29px}.elementor-widget-heading .elementor-heading-title.elementor-size-xl{font-size:39px}.elementor-widget-heading .elementor-heading-title.elementor-size-xxl{font-size:59px}<\/style><h3 class=\"elementor-heading-title elementor-size-default\">Contact Form<\/h3>\t\t<\/div>\n\t\t\t\t<\/div>\n\t\t\t\t<div class=\"elementor-element elementor-element-6401b17 elementor-widget elementor-widget-themo-formidable-form\" data-id=\"6401b17\" data-element_type=\"widget\" data-widget_type=\"themo-formidable-form.default\">\n\t\t\t\t<div class=\"elementor-widget-container\">\n\t\t\t            <div class=\"th-fo-form  th-form-default  th-btn-form btn-standard-dark-form\">[formidable key=\"contact-form2\"]<\/div>\n            \t\t<\/div>\n\t\t\t\t<\/div>\n\t\t\t\t\t<\/div>\n\t\t<\/div>\n\t\t\t\t\t\t\t<\/div>\n\t\t<\/section>\n\t\t\t\t<section class=\"elementor-section elementor-top-section elementor-element elementor-element-12b153f8 elementor-section-full_width elementor-section-height-default elementor-section-height-default\" data-id=\"12b153f8\" data-element_type=\"section\">\n\t\t\t\t\t\t<div class=\"elementor-container elementor-column-gap-default\">\n\t\t\t\t\t<div class=\"elementor-column elementor-col-100 elementor-top-column elementor-element elementor-element-4fdf37cf\" data-id=\"4fdf37cf\" data-element_type=\"column\">\n\t\t\t<div class=\"elementor-widget-wrap elementor-element-populated\">\n\t\t\t\t\t\t\t\t<div class=\"elementor-element elementor-element-32507ec7 elementor-widget elementor-widget-google_maps\" data-id=\"32507ec7\" data-element_type=\"widget\" data-widget_type=\"google_maps.default\">\n\t\t\t\t<div class=\"elementor-widget-container\">\n\t\t\t<style>\/*! elementor - v3.15.0 - 20-08-2023 *\/\n.elementor-widget-google_maps .elementor-widget-container{overflow:hidden}.elementor-widget-google_maps .elementor-custom-embed{line-height:0}.elementor-widget-google_maps iframe{height:300px}<\/style>\t\t<div class=\"elementor-custom-embed\">\n\t\t\t<iframe loading=\"lazy\"\n\t\t\t\t\tsrc=\"https:\/\/maps.google.com\/maps?q=Yuzuncuyil%20Mh%2085167%20Sk.%20No%3A%2011%2F3%2F1%2C%20PinarliBahce%20Sitesi%2C%20D%20Blok%20Zemin%20Kat%20D-1%2C%2001350%20%C3%87ukurova%2FAdana&#038;t=m&#038;z=17&#038;output=embed&#038;iwloc=near\"\n\t\t\t\t\ttitle=\"Yuzuncuyil Mh 85167 Sk. No: 11\/3\/1, PinarliBahce Sitesi, D Blok Zemin Kat D-1, 01350 \u00c7ukurova\/Adana\"\n\t\t\t\t\taria-label=\"Yuzuncuyil Mh 85167 Sk. No: 11\/3\/1, PinarliBahce Sitesi, D Blok Zemin Kat D-1, 01350 \u00c7ukurova\/Adana\"\n\t\t\t><\/iframe>\n\t\t<\/div>\n\t\t\t\t<\/div>\n\t\t\t\t<\/div>\n\t\t\t\t\t<\/div>\n\t\t<\/div>\n\t\t\t\t\t\t\t<\/div>\n\t\t<\/section>\n\t\t\t\t\t\t\t<\/div>\n\t\t","protected":false},"excerpt":{"rendered":"<p>+90 (850) 305-1150 info@onbirelli.com Address info Y\u00fcz\u00fcnc\u00fc Y\u0131l Mahallesi 85147 Sk. \u00c7ukurova \/ Adana T\u00fcrkiye 01170 Contact Form Contact Us Onbirelli Name * Surname * Phone * Email Your Contact Preference Email Phone Company name Sector * Subject RequestSuggestionComplaint Your &hellip; <a href=\"https:\/\/onbirelli.com\/en\/contact\/\">Read More<\/a><\/p>\n","protected":false},"author":6,"featured_media":0,"parent":0,"menu_order":37,"comment_status":"closed","ping_status":"closed","template":"","meta":{"footnotes":""},"class_list":["post-1610","page","type-page","status-publish","hentry"],"yoast_head":"<!-- This site is optimized with the Yoast SEO Premium plugin v20.11 (Yoast SEO v27.2) - https:\/\/yoast.com\/product\/yoast-seo-premium-wordpress\/ -->\n<title>Onbirelli | Transportation Information<\/title>\n<meta name=\"description\" content=\"Onbirelli, based in Adana and operating worldwide, can contact us to increase the success of your business.\" \/>\n<meta name=\"robots\" content=\"index, follow, max-snippet:-1, max-image-preview:large, max-video-preview:-1\" \/>\n<link rel=\"canonical\" href=\"https:\/\/onbirelli.com\/en\/contact\/\" \/>\n<meta property=\"og:locale\" content=\"en_US\" \/>\n<meta property=\"og:type\" content=\"article\" \/>\n<meta property=\"og:title\" content=\"Contact\" \/>\n<meta property=\"og:description\" content=\"Onbirelli, based in Adana and operating worldwide, can contact us to increase the success of your business.\" \/>\n<meta property=\"og:url\" content=\"https:\/\/onbirelli.com\/en\/contact\/\" \/>\n<meta property=\"og:site_name\" content=\"Onbirelli\" \/>\n<meta property=\"article:modified_time\" content=\"2024-09-04T13:14:22+00:00\" \/>\n<meta name=\"twitter:card\" content=\"summary_large_image\" \/>\n<meta name=\"twitter:label1\" content=\"Est. reading time\" \/>\n\t<meta name=\"twitter:data1\" content=\"1 minute\" \/>\n<script type=\"application\/ld+json\" class=\"yoast-schema-graph\">{\"@context\":\"https:\/\/schema.org\",\"@graph\":[{\"@type\":\"WebPage\",\"@id\":\"https:\/\/onbirelli.com\/en\/contact\/\",\"url\":\"https:\/\/onbirelli.com\/en\/contact\/\",\"name\":\"Onbirelli | Transportation Information\",\"isPartOf\":{\"@id\":\"https:\/\/onbirelli.com\/#website\"},\"datePublished\":\"2020-04-24T11:15:43+00:00\",\"dateModified\":\"2024-09-04T13:14:22+00:00\",\"description\":\"Onbirelli, based in Adana and operating worldwide, can contact us to increase the success of your business.\",\"breadcrumb\":{\"@id\":\"https:\/\/onbirelli.com\/en\/contact\/#breadcrumb\"},\"inLanguage\":\"en-US\",\"potentialAction\":[{\"@type\":\"ReadAction\",\"target\":[\"https:\/\/onbirelli.com\/en\/contact\/\"]}]},{\"@type\":\"BreadcrumbList\",\"@id\":\"https:\/\/onbirelli.com\/en\/contact\/#breadcrumb\",\"itemListElement\":[{\"@type\":\"ListItem\",\"position\":1,\"name\":\"Home\",\"item\":\"https:\/\/onbirelli.com\/\"},{\"@type\":\"ListItem\",\"position\":2,\"name\":\"Contact\"}]},{\"@type\":\"WebSite\",\"@id\":\"https:\/\/onbirelli.com\/#website\",\"url\":\"https:\/\/onbirelli.com\/\",\"name\":\"Onbirelli\",\"description\":\"Bili\u015fimde Yenilik\u00e7i \u00c7\u00f6z\u00fcmler\",\"publisher\":{\"@id\":\"https:\/\/onbirelli.com\/#organization\"},\"potentialAction\":[{\"@type\":\"SearchAction\",\"target\":{\"@type\":\"EntryPoint\",\"urlTemplate\":\"https:\/\/onbirelli.com\/?s={search_term_string}\"},\"query-input\":{\"@type\":\"PropertyValueSpecification\",\"valueRequired\":true,\"valueName\":\"search_term_string\"}}],\"inLanguage\":\"en-US\"},{\"@type\":\"Organization\",\"@id\":\"https:\/\/onbirelli.com\/#organization\",\"name\":\"Onbirelli\",\"url\":\"https:\/\/onbirelli.com\/\",\"logo\":{\"@type\":\"ImageObject\",\"inLanguage\":\"en-US\",\"@id\":\"https:\/\/onbirelli.com\/#\/schema\/logo\/image\/\",\"url\":\"https:\/\/onbirelli.com\/wp-content\/uploads\/2025\/05\/cropped-onbirellilogo-t.png\",\"contentUrl\":\"https:\/\/onbirelli.com\/wp-content\/uploads\/2025\/05\/cropped-onbirellilogo-t.png\",\"width\":590,\"height\":90,\"caption\":\"Onbirelli\"},\"image\":{\"@id\":\"https:\/\/onbirelli.com\/#\/schema\/logo\/image\/\"}}]}<\/script>\n<!-- \/ Yoast SEO Premium plugin. -->","yoast_head_json":{"title":"Onbirelli | Transportation Information","description":"Onbirelli, based in Adana and operating worldwide, can contact us to increase the success of your business.","robots":{"index":"index","follow":"follow","max-snippet":"max-snippet:-1","max-image-preview":"max-image-preview:large","max-video-preview":"max-video-preview:-1"},"canonical":"https:\/\/onbirelli.com\/en\/contact\/","og_locale":"en_US","og_type":"article","og_title":"Contact","og_description":"Onbirelli, based in Adana and operating worldwide, can contact us to increase the success of your business.","og_url":"https:\/\/onbirelli.com\/en\/contact\/","og_site_name":"Onbirelli","article_modified_time":"2024-09-04T13:14:22+00:00","twitter_card":"summary_large_image","twitter_misc":{"Est. reading time":"1 minute"},"schema":{"@context":"https:\/\/schema.org","@graph":[{"@type":"WebPage","@id":"https:\/\/onbirelli.com\/en\/contact\/","url":"https:\/\/onbirelli.com\/en\/contact\/","name":"Onbirelli | Transportation Information","isPartOf":{"@id":"https:\/\/onbirelli.com\/#website"},"datePublished":"2020-04-24T11:15:43+00:00","dateModified":"2024-09-04T13:14:22+00:00","description":"Onbirelli, based in Adana and operating worldwide, can contact us to increase the success of your business.","breadcrumb":{"@id":"https:\/\/onbirelli.com\/en\/contact\/#breadcrumb"},"inLanguage":"en-US","potentialAction":[{"@type":"ReadAction","target":["https:\/\/onbirelli.com\/en\/contact\/"]}]},{"@type":"BreadcrumbList","@id":"https:\/\/onbirelli.com\/en\/contact\/#breadcrumb","itemListElement":[{"@type":"ListItem","position":1,"name":"Home","item":"https:\/\/onbirelli.com\/"},{"@type":"ListItem","position":2,"name":"Contact"}]},{"@type":"WebSite","@id":"https:\/\/onbirelli.com\/#website","url":"https:\/\/onbirelli.com\/","name":"Onbirelli","description":"Bili\u015fimde Yenilik\u00e7i \u00c7\u00f6z\u00fcmler","publisher":{"@id":"https:\/\/onbirelli.com\/#organization"},"potentialAction":[{"@type":"SearchAction","target":{"@type":"EntryPoint","urlTemplate":"https:\/\/onbirelli.com\/?s={search_term_string}"},"query-input":{"@type":"PropertyValueSpecification","valueRequired":true,"valueName":"search_term_string"}}],"inLanguage":"en-US"},{"@type":"Organization","@id":"https:\/\/onbirelli.com\/#organization","name":"Onbirelli","url":"https:\/\/onbirelli.com\/","logo":{"@type":"ImageObject","inLanguage":"en-US","@id":"https:\/\/onbirelli.com\/#\/schema\/logo\/image\/","url":"https:\/\/onbirelli.com\/wp-content\/uploads\/2025\/05\/cropped-onbirellilogo-t.png","contentUrl":"https:\/\/onbirelli.com\/wp-content\/uploads\/2025\/05\/cropped-onbirellilogo-t.png","width":590,"height":90,"caption":"Onbirelli"},"image":{"@id":"https:\/\/onbirelli.com\/#\/schema\/logo\/image\/"}}]}},"_links":{"self":[{"href":"https:\/\/onbirelli.com\/en\/wp-json\/wp\/v2\/pages\/1610","targetHints":{"allow":["GET"]}}],"collection":[{"href":"https:\/\/onbirelli.com\/en\/wp-json\/wp\/v2\/pages"}],"about":[{"href":"https:\/\/onbirelli.com\/en\/wp-json\/wp\/v2\/types\/page"}],"author":[{"embeddable":true,"href":"https:\/\/onbirelli.com\/en\/wp-json\/wp\/v2\/users\/6"}],"replies":[{"embeddable":true,"href":"https:\/\/onbirelli.com\/en\/wp-json\/wp\/v2\/comments?post=1610"}],"version-history":[{"count":18,"href":"https:\/\/onbirelli.com\/en\/wp-json\/wp\/v2\/pages\/1610\/revisions"}],"predecessor-version":[{"id":1849,"href":"https:\/\/onbirelli.com\/en\/wp-json\/wp\/v2\/pages\/1610\/revisions\/1849"}],"wp:attachment":[{"href":"https:\/\/onbirelli.com\/en\/wp-json\/wp\/v2\/media?parent=1610"}],"curies":[{"name":"wp","href":"https:\/\/api.w.org\/{rel}","templated":true}]}}