{"id":1719,"date":"2023-06-01T16:38:41","date_gmt":"2023-06-01T13:38:41","guid":{"rendered":"https:\/\/onbirelli.com\/test-sayfasi\/"},"modified":"2023-06-01T16:39:24","modified_gmt":"2023-06-01T13:39:24","slug":"test-page","status":"publish","type":"page","link":"https:\/\/onbirelli.com\/en\/test-page\/","title":{"rendered":"Test Page"},"content":{"rendered":"<p>Onbirelli, teknolojik geli\u015fmelerin sundu\u011fu f\u0131rsatlar\u0131 yakalayarak, her sekt\u00f6rden ve \u00f6l\u00e7ekten \u015firketlere \u00f6zel yaz\u0131l\u0131m \u00e7\u00f6z\u00fcmleri ve di\u011fer alanlarda hizmet sunarak, i\u015f s\u00fcre\u00e7lerini daha verimli ve s\u00fcrd\u00fcr\u00fclebilir hale getirmeyi ama\u00e7lamaktad\u0131r. Bu yenilik\u00e7i yakla\u015f\u0131mlar sayesinde, \u015firketlerin dijital d\u00f6n\u00fc\u015f\u00fcm s\u00fcrecine katk\u0131da bulunan Onbirelli, alan\u0131nda liderli\u011fe ula\u015fmay\u0131 hedeflemektedir.<\/p>\n","protected":false},"excerpt":{"rendered":"<p>Onbirelli, teknolojik geli\u015fmelerin sundu\u011fu f\u0131rsatlar\u0131 yakalayarak, her sekt\u00f6rden ve \u00f6l\u00e7ekten \u015firketlere \u00f6zel yaz\u0131l\u0131m \u00e7\u00f6z\u00fcmleri ve di\u011fer alanlarda hizmet sunarak, i\u015f s\u00fcre\u00e7lerini daha verimli ve s\u00fcrd\u00fcr\u00fclebilir hale getirmeyi ama\u00e7lamaktad\u0131r. Bu yenilik\u00e7i yakla\u015f\u0131mlar sayesinde, \u015firketlerin dijital d\u00f6n\u00fc\u015f\u00fcm s\u00fcrecine katk\u0131da bulunan Onbirelli, alan\u0131nda &hellip; <a href=\"https:\/\/onbirelli.com\/en\/test-page\/\">Read More<\/a><\/p>\n","protected":false},"author":6,"featured_media":0,"parent":0,"menu_order":0,"comment_status":"closed","ping_status":"closed","template":"","meta":{"footnotes":""},"class_list":["post-1719","page","type-page","status-publish","hentry"],"yoast_head":"<!-- This site is optimized with the Yoast SEO Premium plugin v20.11 (Yoast SEO v27.2) - https:\/\/yoast.com\/product\/yoast-seo-premium-wordpress\/ -->\n<title>Test Page - Onbirelli<\/title>\n<meta name=\"robots\" content=\"index, follow, max-snippet:-1, max-image-preview:large, max-video-preview:-1\" \/>\n<link rel=\"canonical\" href=\"https:\/\/onbirelli.com\/en\/test-page\/\" \/>\n<meta property=\"og:locale\" content=\"en_US\" \/>\n<meta property=\"og:type\" content=\"article\" \/>\n<meta property=\"og:title\" content=\"Test Page\" \/>\n<meta property=\"og:description\" content=\"Onbirelli, teknolojik geli\u015fmelerin sundu\u011fu f\u0131rsatlar\u0131 yakalayarak, her sekt\u00f6rden ve \u00f6l\u00e7ekten \u015firketlere \u00f6zel yaz\u0131l\u0131m \u00e7\u00f6z\u00fcmleri ve di\u011fer alanlarda hizmet sunarak, i\u015f s\u00fcre\u00e7lerini daha verimli ve s\u00fcrd\u00fcr\u00fclebilir hale getirmeyi ama\u00e7lamaktad\u0131r. Bu yenilik\u00e7i yakla\u015f\u0131mlar sayesinde, \u015firketlerin dijital d\u00f6n\u00fc\u015f\u00fcm s\u00fcrecine katk\u0131da bulunan Onbirelli, alan\u0131nda &hellip; Read More\" \/>\n<meta property=\"og:url\" content=\"https:\/\/onbirelli.com\/en\/test-page\/\" \/>\n<meta property=\"og:site_name\" content=\"Onbirelli\" \/>\n<meta property=\"article:modified_time\" content=\"2023-06-01T13:39:24+00:00\" \/>\n<meta name=\"twitter:card\" content=\"summary_large_image\" \/>\n<script type=\"application\/ld+json\" class=\"yoast-schema-graph\">{\"@context\":\"https:\/\/schema.org\",\"@graph\":[{\"@type\":\"WebPage\",\"@id\":\"https:\/\/onbirelli.com\/en\/test-page\/\",\"url\":\"https:\/\/onbirelli.com\/en\/test-page\/\",\"name\":\"Test Page - Onbirelli\",\"isPartOf\":{\"@id\":\"https:\/\/onbirelli.com\/#website\"},\"datePublished\":\"2023-06-01T13:38:41+00:00\",\"dateModified\":\"2023-06-01T13:39:24+00:00\",\"breadcrumb\":{\"@id\":\"https:\/\/onbirelli.com\/en\/test-page\/#breadcrumb\"},\"inLanguage\":\"en-US\",\"potentialAction\":[{\"@type\":\"ReadAction\",\"target\":[\"https:\/\/onbirelli.com\/en\/test-page\/\"]}]},{\"@type\":\"BreadcrumbList\",\"@id\":\"https:\/\/onbirelli.com\/en\/test-page\/#breadcrumb\",\"itemListElement\":[{\"@type\":\"ListItem\",\"position\":1,\"name\":\"Home\",\"item\":\"https:\/\/onbirelli.com\/\"},{\"@type\":\"ListItem\",\"position\":2,\"name\":\"Test Page\"}]},{\"@type\":\"WebSite\",\"@id\":\"https:\/\/onbirelli.com\/#website\",\"url\":\"https:\/\/onbirelli.com\/\",\"name\":\"Onbirelli\",\"description\":\"Bili\u015fimde Yenilik\u00e7i \u00c7\u00f6z\u00fcmler\",\"publisher\":{\"@id\":\"https:\/\/onbirelli.com\/#organization\"},\"potentialAction\":[{\"@type\":\"SearchAction\",\"target\":{\"@type\":\"EntryPoint\",\"urlTemplate\":\"https:\/\/onbirelli.com\/?s={search_term_string}\"},\"query-input\":{\"@type\":\"PropertyValueSpecification\",\"valueRequired\":true,\"valueName\":\"search_term_string\"}}],\"inLanguage\":\"en-US\"},{\"@type\":\"Organization\",\"@id\":\"https:\/\/onbirelli.com\/#organization\",\"name\":\"Onbirelli\",\"url\":\"https:\/\/onbirelli.com\/\",\"logo\":{\"@type\":\"ImageObject\",\"inLanguage\":\"en-US\",\"@id\":\"https:\/\/onbirelli.com\/#\/schema\/logo\/image\/\",\"url\":\"https:\/\/onbirelli.com\/wp-content\/uploads\/2025\/05\/cropped-onbirellilogo-t.png\",\"contentUrl\":\"https:\/\/onbirelli.com\/wp-content\/uploads\/2025\/05\/cropped-onbirellilogo-t.png\",\"width\":590,\"height\":90,\"caption\":\"Onbirelli\"},\"image\":{\"@id\":\"https:\/\/onbirelli.com\/#\/schema\/logo\/image\/\"}}]}<\/script>\n<!-- \/ Yoast SEO Premium plugin. -->","yoast_head_json":{"title":"Test Page - Onbirelli","robots":{"index":"index","follow":"follow","max-snippet":"max-snippet:-1","max-image-preview":"max-image-preview:large","max-video-preview":"max-video-preview:-1"},"canonical":"https:\/\/onbirelli.com\/en\/test-page\/","og_locale":"en_US","og_type":"article","og_title":"Test Page","og_description":"Onbirelli, teknolojik geli\u015fmelerin sundu\u011fu f\u0131rsatlar\u0131 yakalayarak, her sekt\u00f6rden ve \u00f6l\u00e7ekten \u015firketlere \u00f6zel yaz\u0131l\u0131m \u00e7\u00f6z\u00fcmleri ve di\u011fer alanlarda hizmet sunarak, i\u015f s\u00fcre\u00e7lerini daha verimli ve s\u00fcrd\u00fcr\u00fclebilir hale getirmeyi ama\u00e7lamaktad\u0131r. Bu yenilik\u00e7i yakla\u015f\u0131mlar sayesinde, \u015firketlerin dijital d\u00f6n\u00fc\u015f\u00fcm s\u00fcrecine katk\u0131da bulunan Onbirelli, alan\u0131nda &hellip; Read More","og_url":"https:\/\/onbirelli.com\/en\/test-page\/","og_site_name":"Onbirelli","article_modified_time":"2023-06-01T13:39:24+00:00","twitter_card":"summary_large_image","schema":{"@context":"https:\/\/schema.org","@graph":[{"@type":"WebPage","@id":"https:\/\/onbirelli.com\/en\/test-page\/","url":"https:\/\/onbirelli.com\/en\/test-page\/","name":"Test Page - Onbirelli","isPartOf":{"@id":"https:\/\/onbirelli.com\/#website"},"datePublished":"2023-06-01T13:38:41+00:00","dateModified":"2023-06-01T13:39:24+00:00","breadcrumb":{"@id":"https:\/\/onbirelli.com\/en\/test-page\/#breadcrumb"},"inLanguage":"en-US","potentialAction":[{"@type":"ReadAction","target":["https:\/\/onbirelli.com\/en\/test-page\/"]}]},{"@type":"BreadcrumbList","@id":"https:\/\/onbirelli.com\/en\/test-page\/#breadcrumb","itemListElement":[{"@type":"ListItem","position":1,"name":"Home","item":"https:\/\/onbirelli.com\/"},{"@type":"ListItem","position":2,"name":"Test Page"}]},{"@type":"WebSite","@id":"https:\/\/onbirelli.com\/#website","url":"https:\/\/onbirelli.com\/","name":"Onbirelli","description":"Bili\u015fimde Yenilik\u00e7i \u00c7\u00f6z\u00fcmler","publisher":{"@id":"https:\/\/onbirelli.com\/#organization"},"potentialAction":[{"@type":"SearchAction","target":{"@type":"EntryPoint","urlTemplate":"https:\/\/onbirelli.com\/?s={search_term_string}"},"query-input":{"@type":"PropertyValueSpecification","valueRequired":true,"valueName":"search_term_string"}}],"inLanguage":"en-US"},{"@type":"Organization","@id":"https:\/\/onbirelli.com\/#organization","name":"Onbirelli","url":"https:\/\/onbirelli.com\/","logo":{"@type":"ImageObject","inLanguage":"en-US","@id":"https:\/\/onbirelli.com\/#\/schema\/logo\/image\/","url":"https:\/\/onbirelli.com\/wp-content\/uploads\/2025\/05\/cropped-onbirellilogo-t.png","contentUrl":"https:\/\/onbirelli.com\/wp-content\/uploads\/2025\/05\/cropped-onbirellilogo-t.png","width":590,"height":90,"caption":"Onbirelli"},"image":{"@id":"https:\/\/onbirelli.com\/#\/schema\/logo\/image\/"}}]}},"_links":{"self":[{"href":"https:\/\/onbirelli.com\/en\/wp-json\/wp\/v2\/pages\/1719","targetHints":{"allow":["GET"]}}],"collection":[{"href":"https:\/\/onbirelli.com\/en\/wp-json\/wp\/v2\/pages"}],"about":[{"href":"https:\/\/onbirelli.com\/en\/wp-json\/wp\/v2\/types\/page"}],"author":[{"embeddable":true,"href":"https:\/\/onbirelli.com\/en\/wp-json\/wp\/v2\/users\/6"}],"replies":[{"embeddable":true,"href":"https:\/\/onbirelli.com\/en\/wp-json\/wp\/v2\/comments?post=1719"}],"version-history":[{"count":1,"href":"https:\/\/onbirelli.com\/en\/wp-json\/wp\/v2\/pages\/1719\/revisions"}],"predecessor-version":[{"id":1720,"href":"https:\/\/onbirelli.com\/en\/wp-json\/wp\/v2\/pages\/1719\/revisions\/1720"}],"wp:attachment":[{"href":"https:\/\/onbirelli.com\/en\/wp-json\/wp\/v2\/media?parent=1719"}],"curies":[{"name":"wp","href":"https:\/\/api.w.org\/{rel}","templated":true}]}}